{"id":9667,"date":"2022-05-21T11:33:07","date_gmt":"2022-05-21T11:33:07","guid":{"rendered":"https:\/\/the7.io\/accounting\/?page_id=9667"},"modified":"2025-06-10T15:55:09","modified_gmt":"2025-06-10T15:55:09","slug":"getting-an-isic-card","status":"publish","type":"page","link":"https:\/\/isiccolombia.com\/es\/getting-an-isic-card\/","title":{"rendered":"Centro de ayuda"},"content":{"rendered":"<div data-elementor-type=\"wp-page\" data-elementor-id=\"9667\" class=\"elementor elementor-9667\" data-elementor-post-type=\"page\">\n\t\t\t\t\t\t<section class=\"elementor-section elementor-top-section elementor-element elementor-element-428888d elementor-section-boxed elementor-section-height-default elementor-section-height-default\" data-id=\"428888d\" data-element_type=\"section\">\n\t\t\t\t\t\t<div class=\"elementor-container elementor-column-gap-wider\">\n\t\t\t\t\t<div class=\"elementor-column elementor-col-100 elementor-top-column elementor-element elementor-element-ec66450\" data-id=\"ec66450\" data-element_type=\"column\">\n\t\t\t<div class=\"elementor-widget-wrap elementor-element-populated\">\n\t\t\t\t\t\t<div class=\"elementor-element elementor-element-12e76db elementor-widget elementor-widget-accordion\" data-id=\"12e76db\" data-element_type=\"widget\" data-widget_type=\"accordion.default\">\n\t\t\t\t<div class=\"elementor-widget-container\">\n\t\t\t\t\t<div class=\"elementor-accordion\">\n\t\t\t\t\t\t\t<div class=\"elementor-accordion-item\">\n\t\t\t\t\t<h4 id=\"elementor-tab-title-1981\" class=\"elementor-tab-title\" data-tab=\"1\" role=\"button\" aria-controls=\"elementor-tab-content-1981\" aria-expanded=\"false\">\n\t\t\t\t\t\t\t\t\t\t\t\t\t<span class=\"elementor-accordion-icon elementor-accordion-icon-left\" aria-hidden=\"true\">\n\t\t\t\t\t\t\t\t\t\t\t\t\t\t\t<span class=\"elementor-accordion-icon-closed\"><i class=\"the7bootstrap- the7-bootstrap-plus-circle\"><\/i><\/span>\n\t\t\t\t\t\t\t\t<span class=\"elementor-accordion-icon-opened\"><i class=\"the7bootstrap- the7-bootstrap-info-circle-fill\"><\/i><\/span>\n\t\t\t\t\t\t\t\t\t\t\t\t\t\t<\/span>\n\t\t\t\t\t\t\t\t\t\t\t\t<a class=\"elementor-accordion-title\" tabindex=\"0\">\u00bfC\u00f3mo puedo obtener la tarjeta?<\/a>\n\t\t\t\t\t<\/h4>\n\t\t\t\t\t<div id=\"elementor-tab-content-1981\" class=\"elementor-tab-content elementor-clearfix\" data-tab=\"1\" role=\"region\" aria-labelledby=\"elementor-tab-title-1981\"><p><strong>En l\u00ednea<\/strong><br \/>Es posible comprar su ISIC\/IYTC\/ITIC en l\u00ednea. Consulte aqu\u00ed para ver si puede. <a href=\"https:\/\/isiccolombia.com\/es\/get-your-card\/\">comprar la tarjeta en l\u00ednea<\/a>\u00a0en tu pa\u00eds.<\/p><p>Dependiendo del sistema postal de su pa\u00eds, generalmente toma entre 3 y 4 semanas procesar su solicitud en l\u00ednea y entregarle la tarjeta.<\/p><p><strong>Visita una oficina local del ISIC<\/strong><br \/>Puedes comprar tu tarjeta al instante en una de nuestras numerosas oficinas emisoras en todo el mundo. Busca tu\u00a0<a href=\"\/es\/cards\/get-your-card\/\">oficina emisora local en l\u00ednea<\/a>Recuerde llevar consigo todos los documentos necesarios para su tarjeta que acrediten su condici\u00f3n de estudiante e identidad, as\u00ed como una fotograf\u00eda reciente de su pasaporte.<\/p><\/div>\n\t\t\t\t<\/div>\n\t\t\t\t\t\t\t<div class=\"elementor-accordion-item\">\n\t\t\t\t\t<h4 id=\"elementor-tab-title-1982\" class=\"elementor-tab-title\" data-tab=\"2\" role=\"button\" aria-controls=\"elementor-tab-content-1982\" aria-expanded=\"false\">\n\t\t\t\t\t\t\t\t\t\t\t\t\t<span class=\"elementor-accordion-icon elementor-accordion-icon-left\" aria-hidden=\"true\">\n\t\t\t\t\t\t\t\t\t\t\t\t\t\t\t<span class=\"elementor-accordion-icon-closed\"><i class=\"the7bootstrap- the7-bootstrap-plus-circle\"><\/i><\/span>\n\t\t\t\t\t\t\t\t<span class=\"elementor-accordion-icon-opened\"><i class=\"the7bootstrap- the7-bootstrap-info-circle-fill\"><\/i><\/span>\n\t\t\t\t\t\t\t\t\t\t\t\t\t\t<\/span>\n\t\t\t\t\t\t\t\t\t\t\t\t<a class=\"elementor-accordion-title\" tabindex=\"0\">\u00bfPuedo utilizar mi tarjeta como prueba de identidad?<\/a>\n\t\t\t\t\t<\/h4>\n\t\t\t\t\t<div id=\"elementor-tab-content-1982\" class=\"elementor-tab-content elementor-clearfix\" data-tab=\"2\" role=\"region\" aria-labelledby=\"elementor-tab-title-1982\"><p>La tarjeta ISIC es un comprobante de la condici\u00f3n de estudiante y puede utilizarse para identificarse en diferentes lugares de varios pa\u00edses del mundo. Sin embargo, algunos pa\u00edses pueden requerir un tipo de identificaci\u00f3n personal diferente, as\u00ed que consulte la normativa local con antelaci\u00f3n si viaja all\u00ed. Tenga en cuenta que la tarjeta ISIC no se acepta como documento de identidad en EE. UU., donde solo se aceptan los documentos de identidad emitidos por el gobierno en todo el pa\u00eds.<\/p><\/div>\n\t\t\t\t<\/div>\n\t\t\t\t\t\t\t<div class=\"elementor-accordion-item\">\n\t\t\t\t\t<h4 id=\"elementor-tab-title-1983\" class=\"elementor-tab-title\" data-tab=\"3\" role=\"button\" aria-controls=\"elementor-tab-content-1983\" aria-expanded=\"false\">\n\t\t\t\t\t\t\t\t\t\t\t\t\t<span class=\"elementor-accordion-icon elementor-accordion-icon-left\" aria-hidden=\"true\">\n\t\t\t\t\t\t\t\t\t\t\t\t\t\t\t<span class=\"elementor-accordion-icon-closed\"><i class=\"the7bootstrap- the7-bootstrap-plus-circle\"><\/i><\/span>\n\t\t\t\t\t\t\t\t<span class=\"elementor-accordion-icon-opened\"><i class=\"the7bootstrap- the7-bootstrap-info-circle-fill\"><\/i><\/span>\n\t\t\t\t\t\t\t\t\t\t\t\t\t\t<\/span>\n\t\t\t\t\t\t\t\t\t\t\t\t<a class=\"elementor-accordion-title\" tabindex=\"0\">No puedo iniciar sesi\u00f3n en la aplicaci\u00f3n, \u00bfqu\u00e9 puedo hacer?<\/a>\n\t\t\t\t\t<\/h4>\n\t\t\t\t\t<div id=\"elementor-tab-content-1983\" class=\"elementor-tab-content elementor-clearfix\" data-tab=\"3\" role=\"region\" aria-labelledby=\"elementor-tab-title-1983\"><p>Puede haber varias razones por las que no puedes iniciar sesi\u00f3n en la aplicaci\u00f3n global de ISIC<\/p><ul><li>Ha introducido datos de inicio de sesi\u00f3n incorrectos.<\/li><li>Hay un problema con tu cuenta.<\/li><li>Est\u00e1s utilizando un perfil ISIC que no est\u00e1 aceptado.<\/li><\/ul><p><strong>Esto es lo que puedes hacer:<\/strong><\/p><ul><li>Aseg\u00farese de haber creado un perfil de aplicaci\u00f3n global ISIC.<br \/>Todos los perfiles ISIC anteriores no funcionar\u00e1n*<\/li><li>Si a\u00fan tiene problemas, comun\u00edquese con nosotros.<br \/><a href=\"mailto:mobiletickets@isic.org\">mobiletickets@isic.org<\/a><\/li><\/ul><p>*Es posible que los sitios locales de pa\u00edses ISIC le hayan solicitado que cree un ISIC<br \/>Perfil en el pasado, el perfil de la aplicaci\u00f3n global ISIC es diferente al<br \/>El perfil local.<\/p><\/div>\n\t\t\t\t<\/div>\n\t\t\t\t\t\t\t<div class=\"elementor-accordion-item\">\n\t\t\t\t\t<h4 id=\"elementor-tab-title-1984\" class=\"elementor-tab-title\" data-tab=\"4\" role=\"button\" aria-controls=\"elementor-tab-content-1984\" aria-expanded=\"false\">\n\t\t\t\t\t\t\t\t\t\t\t\t\t<span class=\"elementor-accordion-icon elementor-accordion-icon-left\" aria-hidden=\"true\">\n\t\t\t\t\t\t\t\t\t\t\t\t\t\t\t<span class=\"elementor-accordion-icon-closed\"><i class=\"the7bootstrap- the7-bootstrap-plus-circle\"><\/i><\/span>\n\t\t\t\t\t\t\t\t<span class=\"elementor-accordion-icon-opened\"><i class=\"the7bootstrap- the7-bootstrap-info-circle-fill\"><\/i><\/span>\n\t\t\t\t\t\t\t\t\t\t\t\t\t\t<\/span>\n\t\t\t\t\t\t\t\t\t\t\t\t<a class=\"elementor-accordion-title\" tabindex=\"0\">\u00bfPuedo cargar o cambiar mi foto en la aplicaci\u00f3n global ISIC?<\/a>\n\t\t\t\t\t<\/h4>\n\t\t\t\t\t<div id=\"elementor-tab-content-1984\" class=\"elementor-tab-content elementor-clearfix\" data-tab=\"4\" role=\"region\" aria-labelledby=\"elementor-tab-title-1984\"><p>Si no tenemos una foto en nuestro archivo, puedes subirla a tu identificaci\u00f3n virtual a trav\u00e9s de la app. Ve a tu perfil desde el men\u00fa y sube una imagen para usarla en tu identificaci\u00f3n virtual. Aseg\u00farate de subir una foto de primer plano, tama\u00f1o pasaporte.<\/p><p>Es posible cambiar tu foto en la aplicaci\u00f3n global de ISIC. Puedes solicitar que se elimine tu foto en\u00a0<a href=\"mailto:mobiletickets@isic.org\">mobiletickets@isic.org<\/a>\u00a0Indique su n\u00famero de tarjeta y el motivo de la eliminaci\u00f3n de la foto. Una vez eliminada, podr\u00e1 subir una nueva foto a su tarjeta virtual.<\/p><p>La oficina global de ISIC puede eliminar tu foto si tu imagen de perfil no incluye tu imagen o no es una foto de rostro.<\/p><\/div>\n\t\t\t\t<\/div>\n\t\t\t\t\t\t\t<div class=\"elementor-accordion-item\">\n\t\t\t\t\t<h4 id=\"elementor-tab-title-1985\" class=\"elementor-tab-title\" data-tab=\"5\" role=\"button\" aria-controls=\"elementor-tab-content-1985\" aria-expanded=\"false\">\n\t\t\t\t\t\t\t\t\t\t\t\t\t<span class=\"elementor-accordion-icon elementor-accordion-icon-left\" aria-hidden=\"true\">\n\t\t\t\t\t\t\t\t\t\t\t\t\t\t\t<span class=\"elementor-accordion-icon-closed\"><i class=\"the7bootstrap- the7-bootstrap-plus-circle\"><\/i><\/span>\n\t\t\t\t\t\t\t\t<span class=\"elementor-accordion-icon-opened\"><i class=\"the7bootstrap- the7-bootstrap-info-circle-fill\"><\/i><\/span>\n\t\t\t\t\t\t\t\t\t\t\t\t\t\t<\/span>\n\t\t\t\t\t\t\t\t\t\t\t\t<a class=\"elementor-accordion-title\" tabindex=\"0\">Mi pa\u00eds no emite la tarjeta ISIC \u00bfqu\u00e9 puedo hacer?<\/a>\n\t\t\t\t\t<\/h4>\n\t\t\t\t\t<div id=\"elementor-tab-content-1985\" class=\"elementor-tab-content elementor-clearfix\" data-tab=\"5\" role=\"region\" aria-labelledby=\"elementor-tab-title-1985\"><p>Si actualmente no hay una oficina emisora en su pa\u00eds, si viaja, puede solicitarla en otro pa\u00eds que visite. Aseg\u00farese de llevar consigo sus documentos de elegibilidad. Estamos mejorando constantemente la accesibilidad de las tarjetas en todo el mundo. Contin\u00fae consultando este sitio web para obtener informaci\u00f3n sobre futuras novedades.<\/p><\/div>\n\t\t\t\t<\/div>\n\t\t\t\t\t\t\t<div class=\"elementor-accordion-item\">\n\t\t\t\t\t<h4 id=\"elementor-tab-title-1986\" class=\"elementor-tab-title\" data-tab=\"6\" role=\"button\" aria-controls=\"elementor-tab-content-1986\" aria-expanded=\"false\">\n\t\t\t\t\t\t\t\t\t\t\t\t\t<span class=\"elementor-accordion-icon elementor-accordion-icon-left\" aria-hidden=\"true\">\n\t\t\t\t\t\t\t\t\t\t\t\t\t\t\t<span class=\"elementor-accordion-icon-closed\"><i class=\"the7bootstrap- the7-bootstrap-plus-circle\"><\/i><\/span>\n\t\t\t\t\t\t\t\t<span class=\"elementor-accordion-icon-opened\"><i class=\"the7bootstrap- the7-bootstrap-info-circle-fill\"><\/i><\/span>\n\t\t\t\t\t\t\t\t\t\t\t\t\t\t<\/span>\n\t\t\t\t\t\t\t\t\t\t\t\t<a class=\"elementor-accordion-title\" tabindex=\"0\">\u00bfQu\u00e9 documentos necesito para solicitar la tarjeta?<\/a>\n\t\t\t\t\t<\/h4>\n\t\t\t\t\t<div id=\"elementor-tab-content-1986\" class=\"elementor-tab-content elementor-clearfix\" data-tab=\"6\" role=\"region\" aria-labelledby=\"elementor-tab-title-1986\"><p><strong>CIIU<\/strong><br \/>El ISIC s\u00f3lo est\u00e1 disponible para estudiantes de tiempo completo, por lo que debes poder demostrar que actualmente est\u00e1s estudiando a tiempo completo en la escuela, colegio o universidad.<\/p><p>Al presentar la solicitud, proporcione\u00a0<strong>uno<\/strong>\u00a0de los siguientes documentos:<\/p><ul><li>Una copia de su tarjeta de identidad universitaria o de estudiante, claramente fechada e indicando que es estudiante a tiempo completo.<\/li><li>Una carta firmada y fechada en papel oficial de la universidad o escuela que indique que estudias all\u00ed a tiempo completo. Preferimos el original, aunque se aceptan fotocopias y faxes.<\/li><\/ul><p>Tambi\u00e9n necesitar\u00e1s:<\/p><ul><li>Comprobante de su fecha de nacimiento (por ejemplo: pasaporte, certificado de nacimiento, documento oficial de identidad emitido en su pa\u00eds de residencia)<\/li><li>Una fotograf\u00eda reciente tuya tama\u00f1o pasaporte<\/li><\/ul><p><strong>IYTC<\/strong><br \/>La Tarjeta de Viaje Internacional para J\u00f3venes (IYTC) est\u00e1 destinada a j\u00f3venes y adultos j\u00f3venes de hasta 30 a\u00f1os de edad inclusive que no sean estudiantes a tiempo completo.<\/p><p>Para obtener un IYTC debes poder demostrar tu edad con uno de los siguientes documentos:<\/p><ul><li>Pasaporte<\/li><li>Certificado de nacimiento<\/li><li>Documento de identidad oficial emitido en su pa\u00eds de residencia<\/li><\/ul><p>Tambi\u00e9n necesitar\u00e1s una fotograf\u00eda tuya reciente tama\u00f1o pasaporte.<\/p><p><strong>ITIC<\/strong><br \/>La Tarjeta de Identidad Internacional de Docente (ITIC) est\u00e1 destinada a docentes o profesores a tiempo completo.<\/p><p>Para acreditar su condici\u00f3n de docente a tiempo completo, necesitar\u00e1 una carta con membrete oficial de la escuela o universidad. Esta debe indicar que trabaja en una escuela, instituto o universidad reconocida durante al menos 18 horas semanales, durante un m\u00ednimo de un a\u00f1o acad\u00e9mico.<\/p><p>Tambi\u00e9n necesitar\u00e1s una fotograf\u00eda tuya reciente tama\u00f1o pasaporte.<\/p><\/div>\n\t\t\t\t<\/div>\n\t\t\t\t\t\t\t<div class=\"elementor-accordion-item\">\n\t\t\t\t\t<h4 id=\"elementor-tab-title-1987\" class=\"elementor-tab-title\" data-tab=\"7\" role=\"button\" aria-controls=\"elementor-tab-content-1987\" aria-expanded=\"false\">\n\t\t\t\t\t\t\t\t\t\t\t\t\t<span class=\"elementor-accordion-icon elementor-accordion-icon-left\" aria-hidden=\"true\">\n\t\t\t\t\t\t\t\t\t\t\t\t\t\t\t<span class=\"elementor-accordion-icon-closed\"><i class=\"the7bootstrap- the7-bootstrap-plus-circle\"><\/i><\/span>\n\t\t\t\t\t\t\t\t<span class=\"elementor-accordion-icon-opened\"><i class=\"the7bootstrap- the7-bootstrap-info-circle-fill\"><\/i><\/span>\n\t\t\t\t\t\t\t\t\t\t\t\t\t\t<\/span>\n\t\t\t\t\t\t\t\t\t\t\t\t<a class=\"elementor-accordion-title\" tabindex=\"0\">Me negaron un beneficio, \u00bfqu\u00e9 hago?<\/a>\n\t\t\t\t\t<\/h4>\n\t\t\t\t\t<div id=\"elementor-tab-content-1987\" class=\"elementor-tab-content elementor-clearfix\" data-tab=\"7\" role=\"region\" aria-labelledby=\"elementor-tab-title-1987\"><p>Nos tomamos muy en serio el rechazo de un descuento o beneficio promocionado. Para investigar a fondo, por favor...\u00a0<a href=\"https:\/\/isiccolombia.com\/es\/contact\/\">Cont\u00e1ctanos<\/a> Y explique qu\u00e9 sucedi\u00f3 y d\u00f3nde, con el mayor detalle posible. Investigaremos el asunto a fondo.<\/p><\/div>\n\t\t\t\t<\/div>\n\t\t\t\t\t\t\t<div class=\"elementor-accordion-item\">\n\t\t\t\t\t<h4 id=\"elementor-tab-title-1988\" class=\"elementor-tab-title\" data-tab=\"8\" role=\"button\" aria-controls=\"elementor-tab-content-1988\" aria-expanded=\"false\">\n\t\t\t\t\t\t\t\t\t\t\t\t\t<span class=\"elementor-accordion-icon elementor-accordion-icon-left\" aria-hidden=\"true\">\n\t\t\t\t\t\t\t\t\t\t\t\t\t\t\t<span class=\"elementor-accordion-icon-closed\"><i class=\"the7bootstrap- the7-bootstrap-plus-circle\"><\/i><\/span>\n\t\t\t\t\t\t\t\t<span class=\"elementor-accordion-icon-opened\"><i class=\"the7bootstrap- the7-bootstrap-info-circle-fill\"><\/i><\/span>\n\t\t\t\t\t\t\t\t\t\t\t\t\t\t<\/span>\n\t\t\t\t\t\t\t\t\t\t\t\t<a class=\"elementor-accordion-title\" tabindex=\"0\">Obtener una tarjeta ISIC <\/a>\n\t\t\t\t\t<\/h4>\n\t\t\t\t\t<div id=\"elementor-tab-content-1988\" class=\"elementor-tab-content elementor-clearfix\" data-tab=\"8\" role=\"region\" aria-labelledby=\"elementor-tab-title-1988\"><p id=\"tw-target-text\" class=\"tw-data-text tw-text-large tw-ta\" dir=\"ltr\" data-placeholder=\"Traducci\u00f3n\" data-ved=\"2ahUKEwiv2cOVkeeNAxUNTDABHV_0FuAQ3ewLegQICRAV\" aria-label=\"Obtener una tarjeta ISIC nunca ha sido tan f\u00e1cil. A trav\u00e9s de Nequi, n\u00famero 3007208551, puedes acceder a los miles de convenios que tiene para ti. La tarjeta tiene un valor de $9.59 y la tendr\u00e1s en menos de 10 minutos. El n\u00famero donde se env\u00eda el comprobante de pago es +57 3192876886.\"><span class=\"Y2IQFc\" lang=\"en\">Obtener una tarjeta ISIC nunca ha sido tan f\u00e1cil. A trav\u00e9s de Nequi, n\u00famero 3007208551, puedes acceder a los miles de convenios que tiene para ti. La tarjeta tiene un valor de $ (40.000 COP) y la tendr\u00e1s en menos de 10 minutos. El n\u00famero donde se env\u00eda el comprobante de pago es +57 3192876886.<\/span><\/p><\/div>\n\t\t\t\t<\/div>\n\t\t\t\t\t\t\t\t<\/div>\n\t\t\t\t<\/div>\n\t\t\t\t<\/div>\n\t\t\t\t\t<\/div>\n\t\t<\/div>\n\t\t\t\t\t<\/div>\n\t\t<\/section>\n\t\t<div class=\"elementor-element elementor-element-875e845 e-grid e-con-boxed e-con e-parent\" data-id=\"875e845\" data-element_type=\"container\">\n\t\t\t\t\t<div class=\"e-con-inner\">\n\t\t\t\t\t<\/div>\n\t\t\t\t<\/div>\n\t\t\t\t<\/div>","protected":false},"excerpt":{"rendered":"<p>How can I get the card? OnlineIt is possible to purchase your ISIC \/ IYTC \/ ITIC online. Please check here to see if you can purchase the card online\u00a0in your country. Depending on the postal system in your country, it usually takes 3 \u2013 4 weeks to process you online application and deliver the&hellip;<\/p>","protected":false},"author":1,"featured_media":0,"parent":0,"menu_order":35,"comment_status":"closed","ping_status":"closed","template":"","meta":{"footnotes":""},"class_list":["post-9667","page","type-page","status-publish","hentry"],"yoast_head":"<!-- This site is optimized with the Yoast SEO plugin v24.0 - https:\/\/yoast.com\/wordpress\/plugins\/seo\/ -->\n<title>Help Center - ISIC Country<\/title>\n<meta name=\"description\" content=\"Getting an ISIC card has never been easier. All through Nequi, number 3007208551. You can access thousands of agreements. The card is worth $9.59.\" \/>\n<meta name=\"robots\" content=\"index, follow, max-snippet:-1, max-image-preview:large, max-video-preview:-1\" \/>\n<link rel=\"canonical\" href=\"https:\/\/isiccolombia.com\/es\/getting-an-isic-card\/\" \/>\n<meta property=\"og:locale\" content=\"es_ES\" \/>\n<meta property=\"og:type\" content=\"article\" \/>\n<meta property=\"og:title\" content=\"Help Center - ISIC Country\" \/>\n<meta property=\"og:description\" content=\"Getting an ISIC card has never been easier. All through Nequi, number 3007208551. You can access thousands of agreements. The card is worth $9.59.\" \/>\n<meta property=\"og:url\" content=\"https:\/\/isiccolombia.com\/es\/getting-an-isic-card\/\" \/>\n<meta property=\"og:site_name\" content=\"ISIC Country\" \/>\n<meta property=\"article:modified_time\" content=\"2025-06-10T15:55:09+00:00\" \/>\n<meta name=\"twitter:card\" content=\"summary_large_image\" \/>\n<meta name=\"twitter:label1\" content=\"Tiempo de lectura\" \/>\n\t<meta name=\"twitter:data1\" content=\"4 minutos\" \/>\n<script type=\"application\/ld+json\" class=\"yoast-schema-graph\">{\"@context\":\"https:\/\/schema.org\",\"@graph\":[{\"@type\":\"WebPage\",\"@id\":\"https:\/\/isiccolombia.com\/getting-an-isic-card\/\",\"url\":\"https:\/\/isiccolombia.com\/getting-an-isic-card\/\",\"name\":\"Help Center - ISIC Country\",\"isPartOf\":{\"@id\":\"https:\/\/isiccolombia.com\/#website\"},\"datePublished\":\"2022-05-21T11:33:07+00:00\",\"dateModified\":\"2025-06-10T15:55:09+00:00\",\"description\":\"Getting an ISIC card has never been easier. All through Nequi, number 3007208551. You can access thousands of agreements. The card is worth $9.59.\",\"breadcrumb\":{\"@id\":\"https:\/\/isiccolombia.com\/getting-an-isic-card\/#breadcrumb\"},\"inLanguage\":\"es-CO\",\"potentialAction\":[{\"@type\":\"ReadAction\",\"target\":[\"https:\/\/isiccolombia.com\/getting-an-isic-card\/\"]}]},{\"@type\":\"BreadcrumbList\",\"@id\":\"https:\/\/isiccolombia.com\/getting-an-isic-card\/#breadcrumb\",\"itemListElement\":[{\"@type\":\"ListItem\",\"position\":1,\"name\":\"Home\",\"item\":\"https:\/\/isiccolombia.com\/\"},{\"@type\":\"ListItem\",\"position\":2,\"name\":\"Help Center\"}]},{\"@type\":\"WebSite\",\"@id\":\"https:\/\/isiccolombia.com\/#website\",\"url\":\"https:\/\/isiccolombia.com\/\",\"name\":\"ISIC Country\",\"description\":\"International Student Identity Card\",\"publisher\":{\"@id\":\"https:\/\/isiccolombia.com\/#organization\"},\"potentialAction\":[{\"@type\":\"SearchAction\",\"target\":{\"@type\":\"EntryPoint\",\"urlTemplate\":\"https:\/\/isiccolombia.com\/?s={search_term_string}\"},\"query-input\":{\"@type\":\"PropertyValueSpecification\",\"valueRequired\":true,\"valueName\":\"search_term_string\"}}],\"inLanguage\":\"es-CO\"},{\"@type\":\"Organization\",\"@id\":\"https:\/\/isiccolombia.com\/#organization\",\"name\":\"ISIC Association\",\"url\":\"https:\/\/isiccolombia.com\/\",\"logo\":{\"@type\":\"ImageObject\",\"inLanguage\":\"es-CO\",\"@id\":\"https:\/\/isiccolombia.com\/#\/schema\/logo\/image\/\",\"url\":\"https:\/\/isiccolombia.com\/wp-content\/uploads\/2022\/10\/isic-logo.png\",\"contentUrl\":\"https:\/\/isiccolombia.com\/wp-content\/uploads\/2022\/10\/isic-logo.png\",\"width\":500,\"height\":199,\"caption\":\"ISIC Association\"},\"image\":{\"@id\":\"https:\/\/isiccolombia.com\/#\/schema\/logo\/image\/\"},\"sameAs\":[\"https:\/\/www.linkedin.com\/company\/isic---international-student-identity-card\/\"]}]}<\/script>\n<!-- \/ Yoast SEO plugin. -->","yoast_head_json":{"title":"Help Center - ISIC Country","description":"Getting an ISIC card has never been easier. All through Nequi, number 3007208551. You can access thousands of agreements. The card is worth $9.59.","robots":{"index":"index","follow":"follow","max-snippet":"max-snippet:-1","max-image-preview":"max-image-preview:large","max-video-preview":"max-video-preview:-1"},"canonical":"https:\/\/isiccolombia.com\/es\/getting-an-isic-card\/","og_locale":"es_ES","og_type":"article","og_title":"Help Center - ISIC Country","og_description":"Getting an ISIC card has never been easier. All through Nequi, number 3007208551. You can access thousands of agreements. The card is worth $9.59.","og_url":"https:\/\/isiccolombia.com\/es\/getting-an-isic-card\/","og_site_name":"ISIC Country","article_modified_time":"2025-06-10T15:55:09+00:00","twitter_card":"summary_large_image","twitter_misc":{"Tiempo de lectura":"4 minutos"},"schema":{"@context":"https:\/\/schema.org","@graph":[{"@type":"WebPage","@id":"https:\/\/isiccolombia.com\/getting-an-isic-card\/","url":"https:\/\/isiccolombia.com\/getting-an-isic-card\/","name":"Help Center - ISIC Country","isPartOf":{"@id":"https:\/\/isiccolombia.com\/#website"},"datePublished":"2022-05-21T11:33:07+00:00","dateModified":"2025-06-10T15:55:09+00:00","description":"Getting an ISIC card has never been easier. All through Nequi, number 3007208551. You can access thousands of agreements. The card is worth $9.59.","breadcrumb":{"@id":"https:\/\/isiccolombia.com\/getting-an-isic-card\/#breadcrumb"},"inLanguage":"es-CO","potentialAction":[{"@type":"ReadAction","target":["https:\/\/isiccolombia.com\/getting-an-isic-card\/"]}]},{"@type":"BreadcrumbList","@id":"https:\/\/isiccolombia.com\/getting-an-isic-card\/#breadcrumb","itemListElement":[{"@type":"ListItem","position":1,"name":"Home","item":"https:\/\/isiccolombia.com\/"},{"@type":"ListItem","position":2,"name":"Help Center"}]},{"@type":"WebSite","@id":"https:\/\/isiccolombia.com\/#website","url":"https:\/\/isiccolombia.com\/","name":"Pa\u00eds CIIU","description":"Tarjeta de identidad de estudiante internacional","publisher":{"@id":"https:\/\/isiccolombia.com\/#organization"},"potentialAction":[{"@type":"SearchAction","target":{"@type":"EntryPoint","urlTemplate":"https:\/\/isiccolombia.com\/?s={search_term_string}"},"query-input":{"@type":"PropertyValueSpecification","valueRequired":true,"valueName":"search_term_string"}}],"inLanguage":"es-CO"},{"@type":"Organization","@id":"https:\/\/isiccolombia.com\/#organization","name":"Asociaci\u00f3n ISIC","url":"https:\/\/isiccolombia.com\/","logo":{"@type":"ImageObject","inLanguage":"es-CO","@id":"https:\/\/isiccolombia.com\/#\/schema\/logo\/image\/","url":"https:\/\/isiccolombia.com\/wp-content\/uploads\/2022\/10\/isic-logo.png","contentUrl":"https:\/\/isiccolombia.com\/wp-content\/uploads\/2022\/10\/isic-logo.png","width":500,"height":199,"caption":"ISIC Association"},"image":{"@id":"https:\/\/isiccolombia.com\/#\/schema\/logo\/image\/"},"sameAs":["https:\/\/www.linkedin.com\/company\/isic---international-student-identity-card\/"]}]}},"_links":{"self":[{"href":"https:\/\/isiccolombia.com\/es\/wp-json\/wp\/v2\/pages\/9667","targetHints":{"allow":["GET"]}}],"collection":[{"href":"https:\/\/isiccolombia.com\/es\/wp-json\/wp\/v2\/pages"}],"about":[{"href":"https:\/\/isiccolombia.com\/es\/wp-json\/wp\/v2\/types\/page"}],"author":[{"embeddable":true,"href":"https:\/\/isiccolombia.com\/es\/wp-json\/wp\/v2\/users\/1"}],"replies":[{"embeddable":true,"href":"https:\/\/isiccolombia.com\/es\/wp-json\/wp\/v2\/comments?post=9667"}],"version-history":[{"count":0,"href":"https:\/\/isiccolombia.com\/es\/wp-json\/wp\/v2\/pages\/9667\/revisions"}],"wp:attachment":[{"href":"https:\/\/isiccolombia.com\/es\/wp-json\/wp\/v2\/media?parent=9667"}],"curies":[{"name":"wp","href":"https:\/\/api.w.org\/{rel}","templated":true}]}}