{"id":8041,"date":"2020-04-07T13:58:31","date_gmt":"2020-04-07T13:58:31","guid":{"rendered":"https:\/\/the7.io\/business-advisors\/?page_id=9"},"modified":"2024-12-07T21:15:39","modified_gmt":"2024-12-07T21:15:39","slug":"about","status":"publish","type":"page","link":"https:\/\/isiccolombia.com\/es\/about\/","title":{"rendered":"Acerca de la Asociaci\u00f3n ISIC"},"content":{"rendered":"<div data-elementor-type=\"wp-page\" data-elementor-id=\"8041\" class=\"elementor elementor-8041\" data-elementor-post-type=\"page\">\n\t\t\t\t\t\t<section class=\"elementor-section elementor-top-section elementor-element elementor-element-2b85df5 elementor-section-content-middle elementor-section-boxed elementor-section-height-default elementor-section-height-default\" data-id=\"2b85df5\" data-element_type=\"section\" data-settings=\"{&quot;shape_divider_top&quot;:&quot;opacity-tilt&quot;}\">\n\t\t\t\t\t\t\t<div class=\"elementor-background-overlay\"><\/div>\n\t\t\t\t\t\t<div class=\"elementor-shape elementor-shape-top\" data-negative=\"false\">\n\t\t\t<svg xmlns=\"http:\/\/www.w3.org\/2000\/svg\" viewbox=\"0 0 2600 131.1\" preserveaspectratio=\"none\">\n\t<path class=\"elementor-shape-fill\" d=\"M0 0L2600 0 2600 69.1 0 0z\"\/>\n\t<path class=\"elementor-shape-fill\" style=\"opacity:0.5\" d=\"M0 0L2600 0 2600 69.1 0 69.1z\"\/>\n\t<path class=\"elementor-shape-fill\" style=\"opacity:0.25\" d=\"M2600 0L0 0 0 130.1 2600 69.1z\"\/>\n<\/svg>\t\t<\/div>\n\t\t\t\t\t<div class=\"elementor-container elementor-column-gap-wider\">\n\t\t\t\t\t<div class=\"elementor-column elementor-col-100 elementor-top-column elementor-element elementor-element-f6b9e4b\" data-id=\"f6b9e4b\" data-element_type=\"column\" data-settings=\"{&quot;background_background&quot;:&quot;classic&quot;}\">\n\t\t\t<div class=\"elementor-widget-wrap elementor-element-populated\">\n\t\t\t\t\t\t<div class=\"elementor-element elementor-element-659cbd7 elementor-widget elementor-widget-heading\" data-id=\"659cbd7\" data-element_type=\"widget\" data-widget_type=\"heading.default\">\n\t\t\t\t<div class=\"elementor-widget-container\">\n\t\t\t<h3 class=\"elementor-heading-title elementor-size-default\">La tarjeta ISIC fue creada por primera vez por estudiantes para estudiantes en 1953.\n<\/h3>\t\t<\/div>\n\t\t\t\t<\/div>\n\t\t\t\t<div class=\"elementor-element elementor-element-c18a0aa elementor-widget elementor-widget-spacer\" data-id=\"c18a0aa\" data-element_type=\"widget\" data-widget_type=\"spacer.default\">\n\t\t\t\t<div class=\"elementor-widget-container\">\n\t\t\t\t\t<div class=\"elementor-spacer\">\n\t\t\t<div class=\"elementor-spacer-inner\"><\/div>\n\t\t<\/div>\n\t\t\t\t<\/div>\n\t\t\t\t<\/div>\n\t\t\t\t<div class=\"elementor-element elementor-element-6b2a3ef elementor-widget elementor-widget-video\" data-id=\"6b2a3ef\" data-element_type=\"widget\" data-settings=\"{&quot;video_type&quot;:&quot;hosted&quot;,&quot;controls&quot;:&quot;yes&quot;}\" data-widget_type=\"video.default\">\n\t\t\t\t<div class=\"elementor-widget-container\">\n\t\t\t\t\t<div class=\"e-hosted-video elementor-wrapper elementor-open-inline\">\n\t\t\t\t\t<video class=\"elementor-video\" src=\"https:\/\/www.isic.org\/wp-content\/uploads\/2023\/11\/ISIC-Digital-vFInal-09-11-23.mp4\" controls=\"\" preload=\"metadata\" controlslist=\"nodownload\" poster=\"https:\/\/isiccolombia.com\/wp-content\/uploads\/2023\/11\/thumbnail.png\"><\/video>\n\t\t\t\t<\/div>\n\t\t\t\t<\/div>\n\t\t\t\t<\/div>\n\t\t\t\t\t<\/div>\n\t\t<\/div>\n\t\t\t\t\t<\/div>\n\t\t<\/section>\n\t\t\t\t<section class=\"elementor-section elementor-top-section elementor-element elementor-element-65b714f elementor-reverse-tablet elementor-reverse-mobile elementor-section-boxed elementor-section-height-default elementor-section-height-default\" data-id=\"65b714f\" data-element_type=\"section\">\n\t\t\t\t\t\t<div class=\"elementor-container elementor-column-gap-wider\">\n\t\t\t\t\t<div class=\"elementor-column elementor-col-50 elementor-top-column elementor-element elementor-element-f873a23\" data-id=\"f873a23\" data-element_type=\"column\">\n\t\t\t<div class=\"elementor-widget-wrap elementor-element-populated\">\n\t\t\t\t\t\t<div class=\"elementor-element elementor-element-759c34d elementor-widget elementor-widget-spacer\" data-id=\"759c34d\" data-element_type=\"widget\" data-widget_type=\"spacer.default\">\n\t\t\t\t<div class=\"elementor-widget-container\">\n\t\t\t\t\t<div class=\"elementor-spacer\">\n\t\t\t<div class=\"elementor-spacer-inner\"><\/div>\n\t\t<\/div>\n\t\t\t\t<\/div>\n\t\t\t\t<\/div>\n\t\t\t\t<div class=\"elementor-element elementor-element-1fb5515 elementor-widget elementor-widget-heading\" data-id=\"1fb5515\" data-element_type=\"widget\" data-widget_type=\"heading.default\">\n\t\t\t\t<div class=\"elementor-widget-container\">\n\t\t\t<h3 class=\"elementor-heading-title elementor-size-default\">\u00bfQui\u00e9n est\u00e1 detr\u00e1s del CIIU?<\/h3>\t\t<\/div>\n\t\t\t\t<\/div>\n\t\t\t\t<div class=\"elementor-element elementor-element-fa09afb elementor-widget elementor-widget-spacer\" data-id=\"fa09afb\" data-element_type=\"widget\" data-widget_type=\"spacer.default\">\n\t\t\t\t<div class=\"elementor-widget-container\">\n\t\t\t\t\t<div class=\"elementor-spacer\">\n\t\t\t<div class=\"elementor-spacer-inner\"><\/div>\n\t\t<\/div>\n\t\t\t\t<\/div>\n\t\t\t\t<\/div>\n\t\t\t\t<div class=\"elementor-element elementor-element-c499a2f elementor-widget elementor-widget-text-editor\" data-id=\"c499a2f\" data-element_type=\"widget\" data-widget_type=\"text-editor.default\">\n\t\t\t\t<div class=\"elementor-widget-container\">\n\t\t\t\t\t\t\t<p>La Asociaci\u00f3n ISIC es la organizaci\u00f3n sin fines de lucro detr\u00e1s de la gesti\u00f3n, el crecimiento y el desarrollo de la Tarjeta de Identidad de Estudiante Internacional (ISIC).<\/p><p>Registrada en Dinamarca, la Asociaci\u00f3n ISIC es una organizaci\u00f3n sin fines de lucro compuesta por m\u00e1s de 150 miembros de la comunidad (46 organizaciones con pleno derecho de membres\u00eda). Se rige por la Constituci\u00f3n y el Convenio de la Asociaci\u00f3n ISIC y es supervisada por su Junta Directiva. La Oficina de Servicios ISIC se encarga de la administraci\u00f3n central y las operaciones diarias.<\/p>\t\t\t\t\t\t<\/div>\n\t\t\t\t<\/div>\n\t\t\t\t\t<\/div>\n\t\t<\/div>\n\t\t\t\t<div class=\"elementor-column elementor-col-50 elementor-top-column elementor-element elementor-element-da29468\" data-id=\"da29468\" data-element_type=\"column\">\n\t\t\t<div class=\"elementor-widget-wrap elementor-element-populated\">\n\t\t\t\t\t\t<div class=\"elementor-element elementor-element-dd276e1 elementor-widget elementor-widget-image\" data-id=\"dd276e1\" data-element_type=\"widget\" data-widget_type=\"image.default\">\n\t\t\t\t<div class=\"elementor-widget-container\">\n\t\t\t\t\t\t\t\t\t\t\t\t\t<img fetchpriority=\"high\" decoding=\"async\" width=\"600\" height=\"400\" src=\"https:\/\/isiccolombia.com\/wp-content\/uploads\/2022\/10\/students-home.png\" class=\"attachment-full size-full wp-image-11348\" alt=\"Students holding ISIC cards\" srcset=\"https:\/\/isiccolombia.com\/wp-content\/uploads\/2022\/10\/students-home.png 600w, https:\/\/isiccolombia.com\/wp-content\/uploads\/2022\/10\/students-home-300x200.png 300w\" sizes=\"(max-width: 600px) 100vw, 600px\" \/>\t\t\t\t\t\t\t\t\t\t\t\t\t<\/div>\n\t\t\t\t<\/div>\n\t\t\t\t\t<\/div>\n\t\t<\/div>\n\t\t\t\t\t<\/div>\n\t\t<\/section>\n\t\t\t\t<section class=\"elementor-section elementor-top-section elementor-element elementor-element-2a5ab6f elementor-section-boxed elementor-section-height-default elementor-section-height-default\" data-id=\"2a5ab6f\" data-element_type=\"section\">\n\t\t\t\t\t\t<div class=\"elementor-container elementor-column-gap-wider\">\n\t\t\t\t\t<div class=\"elementor-column elementor-col-50 elementor-top-column elementor-element elementor-element-47a4dd7\" data-id=\"47a4dd7\" data-element_type=\"column\">\n\t\t\t<div class=\"elementor-widget-wrap elementor-element-populated\">\n\t\t\t\t\t\t<div class=\"elementor-element elementor-element-d46e017 elementor-widget elementor-widget-image\" data-id=\"d46e017\" data-element_type=\"widget\" data-widget_type=\"image.default\">\n\t\t\t\t<div class=\"elementor-widget-container\">\n\t\t\t\t\t\t\t\t\t\t\t\t\t<img decoding=\"async\" width=\"1000\" height=\"667\" src=\"https:\/\/isiccolombia.com\/wp-content\/uploads\/2022\/11\/ISIC_female_circle.jpg\" class=\"attachment-full size-full wp-image-76563\" alt=\"ISIC female\" srcset=\"https:\/\/isiccolombia.com\/wp-content\/uploads\/2022\/11\/ISIC_female_circle.jpg 1000w, https:\/\/isiccolombia.com\/wp-content\/uploads\/2022\/11\/ISIC_female_circle-300x200.jpg 300w, https:\/\/isiccolombia.com\/wp-content\/uploads\/2022\/11\/ISIC_female_circle-768x512.jpg 768w\" sizes=\"(max-width: 1000px) 100vw, 1000px\" \/>\t\t\t\t\t\t\t\t\t\t\t\t\t<\/div>\n\t\t\t\t<\/div>\n\t\t\t\t\t<\/div>\n\t\t<\/div>\n\t\t\t\t<div class=\"elementor-column elementor-col-50 elementor-top-column elementor-element elementor-element-2fdf254\" data-id=\"2fdf254\" data-element_type=\"column\">\n\t\t\t<div class=\"elementor-widget-wrap elementor-element-populated\">\n\t\t\t\t\t\t<div class=\"elementor-element elementor-element-967d7c7 elementor-widget elementor-widget-heading\" data-id=\"967d7c7\" data-element_type=\"widget\" data-widget_type=\"heading.default\">\n\t\t\t\t<div class=\"elementor-widget-container\">\n\t\t\t<h3 class=\"elementor-heading-title elementor-size-default\">Mejorando la vida estudiantil<\/h3>\t\t<\/div>\n\t\t\t\t<\/div>\n\t\t\t\t<div class=\"elementor-element elementor-element-ee00441 elementor-widget elementor-widget-spacer\" data-id=\"ee00441\" data-element_type=\"widget\" data-widget_type=\"spacer.default\">\n\t\t\t\t<div class=\"elementor-widget-container\">\n\t\t\t\t\t<div class=\"elementor-spacer\">\n\t\t\t<div class=\"elementor-spacer-inner\"><\/div>\n\t\t<\/div>\n\t\t\t\t<\/div>\n\t\t\t\t<\/div>\n\t\t\t\t<div class=\"elementor-element elementor-element-8f68000 elementor-widget elementor-widget-text-editor\" data-id=\"8f68000\" data-element_type=\"widget\" data-widget_type=\"text-editor.default\">\n\t\t\t\t<div class=\"elementor-widget-container\">\n\t\t\t\t\t\t\t<p>La misi\u00f3n de la Asociaci\u00f3n ISIC es &quot;Mejorar la vida estudiantil&quot;. Esta misi\u00f3n se impulsar\u00e1 desempe\u00f1ando un papel clave en la vida de los estudiantes de todo el mundo, ayud\u00e1ndolos a hacer su tiempo de estudiante m\u00e1s f\u00e1cil, asequible y placentero, facilitando el reconocimiento internacional de su estatus de estudiante.<\/p><p>El objetivo de la Asociaci\u00f3n es que el ISIC se convierta en una herramienta indispensable para los estudiantes de todo el mundo. Este objetivo se promover\u00e1 ampliando el acceso a las oportunidades educativas, facilitando la vida estudiantil, fomentando el entendimiento intercultural y el intercambio educativo, y forjando relaciones m\u00e1s s\u00f3lidas entre estudiantes de todas las nacionalidades y la comunidad acad\u00e9mica global.<\/p>\t\t\t\t\t\t<\/div>\n\t\t\t\t<\/div>\n\t\t\t\t\t<\/div>\n\t\t<\/div>\n\t\t\t\t\t<\/div>\n\t\t<\/section>\n\t\t\t\t<section class=\"elementor-section elementor-top-section elementor-element elementor-element-9e3cc5f elementor-section-content-middle elementor-section-boxed elementor-section-height-default elementor-section-height-default\" data-id=\"9e3cc5f\" data-element_type=\"section\">\n\t\t\t\t\t\t<div class=\"elementor-container elementor-column-gap-wider\">\n\t\t\t\t\t<div class=\"elementor-column elementor-col-100 elementor-top-column elementor-element elementor-element-8ef6b61\" data-id=\"8ef6b61\" data-element_type=\"column\">\n\t\t\t<div class=\"elementor-widget-wrap\">\n\t\t\t\t\t\t\t<\/div>\n\t\t<\/div>\n\t\t\t\t\t<\/div>\n\t\t<\/section>\n\t\t\t\t<\/div>","protected":false},"excerpt":{"rendered":"<p>The ISIC card was first created by students for students in 1953. https:\/\/www.isic.org\/wp-content\/uploads\/2023\/11\/ISIC-Digital-vFInal-09-11-23.mp4 Who is behind the ISIC? The ISIC Association is the non-profit organisation behind the management, growth and development of the International Student Identity Card (ISIC). Registered in Denmark, the ISIC Association is a non-profit membership organisation composed of 150+ community members (46&hellip;<\/p>","protected":false},"author":1,"featured_media":0,"parent":0,"menu_order":4,"comment_status":"closed","ping_status":"closed","template":"","meta":{"footnotes":""},"class_list":["post-8041","page","type-page","status-publish","hentry"],"yoast_head":"<!-- This site is optimized with the Yoast SEO plugin v24.0 - https:\/\/yoast.com\/wordpress\/plugins\/seo\/ -->\n<title>About ISIC Association - ISIC Country<\/title>\n<meta name=\"robots\" content=\"index, follow, max-snippet:-1, max-image-preview:large, max-video-preview:-1\" \/>\n<link rel=\"canonical\" href=\"https:\/\/isiccolombia.com\/es\/about\/\" \/>\n<meta property=\"og:locale\" content=\"es_ES\" \/>\n<meta property=\"og:type\" content=\"article\" \/>\n<meta property=\"og:title\" content=\"About ISIC Association - ISIC Country\" \/>\n<meta property=\"og:description\" content=\"The ISIC card was first created by students for students in 1953. https:\/\/www.isic.org\/wp-content\/uploads\/2023\/11\/ISIC-Digital-vFInal-09-11-23.mp4 Who is behind the ISIC? The ISIC Association is the non-profit organisation behind the management, growth and development of the International Student Identity Card (ISIC). Registered in Denmark, the ISIC Association is a non-profit membership organisation composed of 150+ community members (46&hellip;\" \/>\n<meta property=\"og:url\" content=\"https:\/\/isiccolombia.com\/es\/about\/\" \/>\n<meta property=\"og:site_name\" content=\"ISIC Country\" \/>\n<meta property=\"article:modified_time\" content=\"2024-12-07T21:15:39+00:00\" \/>\n<meta property=\"og:image\" content=\"https:\/\/isiccolombia.com\/wp-content\/uploads\/2022\/10\/students-home.png\" \/>\n<meta name=\"twitter:card\" content=\"summary_large_image\" \/>\n<meta name=\"twitter:label1\" content=\"Tiempo de lectura\" \/>\n\t<meta name=\"twitter:data1\" content=\"2 minutos\" \/>\n<script type=\"application\/ld+json\" class=\"yoast-schema-graph\">{\"@context\":\"https:\/\/schema.org\",\"@graph\":[{\"@type\":\"WebPage\",\"@id\":\"https:\/\/isiccolombia.com\/about\/\",\"url\":\"https:\/\/isiccolombia.com\/about\/\",\"name\":\"About ISIC Association - ISIC Country\",\"isPartOf\":{\"@id\":\"https:\/\/isiccolombia.com\/#website\"},\"primaryImageOfPage\":{\"@id\":\"https:\/\/isiccolombia.com\/about\/#primaryimage\"},\"image\":{\"@id\":\"https:\/\/isiccolombia.com\/about\/#primaryimage\"},\"thumbnailUrl\":\"https:\/\/isiccolombia.com\/wp-content\/uploads\/2022\/10\/students-home.png\",\"datePublished\":\"2020-04-07T13:58:31+00:00\",\"dateModified\":\"2024-12-07T21:15:39+00:00\",\"breadcrumb\":{\"@id\":\"https:\/\/isiccolombia.com\/about\/#breadcrumb\"},\"inLanguage\":\"es-CO\",\"potentialAction\":[{\"@type\":\"ReadAction\",\"target\":[\"https:\/\/isiccolombia.com\/about\/\"]}]},{\"@type\":\"ImageObject\",\"inLanguage\":\"es-CO\",\"@id\":\"https:\/\/isiccolombia.com\/about\/#primaryimage\",\"url\":\"https:\/\/isiccolombia.com\/wp-content\/uploads\/2022\/10\/students-home.png\",\"contentUrl\":\"https:\/\/isiccolombia.com\/wp-content\/uploads\/2022\/10\/students-home.png\"},{\"@type\":\"BreadcrumbList\",\"@id\":\"https:\/\/isiccolombia.com\/about\/#breadcrumb\",\"itemListElement\":[{\"@type\":\"ListItem\",\"position\":1,\"name\":\"Home\",\"item\":\"https:\/\/isiccolombia.com\/\"},{\"@type\":\"ListItem\",\"position\":2,\"name\":\"About ISIC Association\"}]},{\"@type\":\"WebSite\",\"@id\":\"https:\/\/isiccolombia.com\/#website\",\"url\":\"https:\/\/isiccolombia.com\/\",\"name\":\"ISIC Country\",\"description\":\"International Student Identity Card\",\"publisher\":{\"@id\":\"https:\/\/isiccolombia.com\/#organization\"},\"potentialAction\":[{\"@type\":\"SearchAction\",\"target\":{\"@type\":\"EntryPoint\",\"urlTemplate\":\"https:\/\/isiccolombia.com\/?s={search_term_string}\"},\"query-input\":{\"@type\":\"PropertyValueSpecification\",\"valueRequired\":true,\"valueName\":\"search_term_string\"}}],\"inLanguage\":\"es-CO\"},{\"@type\":\"Organization\",\"@id\":\"https:\/\/isiccolombia.com\/#organization\",\"name\":\"ISIC Association\",\"url\":\"https:\/\/isiccolombia.com\/\",\"logo\":{\"@type\":\"ImageObject\",\"inLanguage\":\"es-CO\",\"@id\":\"https:\/\/isiccolombia.com\/#\/schema\/logo\/image\/\",\"url\":\"https:\/\/isiccolombia.com\/wp-content\/uploads\/2022\/10\/isic-logo.png\",\"contentUrl\":\"https:\/\/isiccolombia.com\/wp-content\/uploads\/2022\/10\/isic-logo.png\",\"width\":500,\"height\":199,\"caption\":\"ISIC Association\"},\"image\":{\"@id\":\"https:\/\/isiccolombia.com\/#\/schema\/logo\/image\/\"},\"sameAs\":[\"https:\/\/www.linkedin.com\/company\/isic---international-student-identity-card\/\"]}]}<\/script>\n<!-- \/ Yoast SEO plugin. -->","yoast_head_json":{"title":"About ISIC Association - ISIC Country","robots":{"index":"index","follow":"follow","max-snippet":"max-snippet:-1","max-image-preview":"max-image-preview:large","max-video-preview":"max-video-preview:-1"},"canonical":"https:\/\/isiccolombia.com\/es\/about\/","og_locale":"es_ES","og_type":"article","og_title":"About ISIC Association - ISIC Country","og_description":"The ISIC card was first created by students for students in 1953. https:\/\/www.isic.org\/wp-content\/uploads\/2023\/11\/ISIC-Digital-vFInal-09-11-23.mp4 Who is behind the ISIC? The ISIC Association is the non-profit organisation behind the management, growth and development of the International Student Identity Card (ISIC). Registered in Denmark, the ISIC Association is a non-profit membership organisation composed of 150+ community members (46&hellip;","og_url":"https:\/\/isiccolombia.com\/es\/about\/","og_site_name":"ISIC Country","article_modified_time":"2024-12-07T21:15:39+00:00","og_image":[{"url":"https:\/\/isiccolombia.com\/wp-content\/uploads\/2022\/10\/students-home.png","type":"","width":"","height":""}],"twitter_card":"summary_large_image","twitter_misc":{"Tiempo de lectura":"2 minutos"},"schema":{"@context":"https:\/\/schema.org","@graph":[{"@type":"WebPage","@id":"https:\/\/isiccolombia.com\/about\/","url":"https:\/\/isiccolombia.com\/about\/","name":"About ISIC Association - ISIC Country","isPartOf":{"@id":"https:\/\/isiccolombia.com\/#website"},"primaryImageOfPage":{"@id":"https:\/\/isiccolombia.com\/about\/#primaryimage"},"image":{"@id":"https:\/\/isiccolombia.com\/about\/#primaryimage"},"thumbnailUrl":"https:\/\/isiccolombia.com\/wp-content\/uploads\/2022\/10\/students-home.png","datePublished":"2020-04-07T13:58:31+00:00","dateModified":"2024-12-07T21:15:39+00:00","breadcrumb":{"@id":"https:\/\/isiccolombia.com\/about\/#breadcrumb"},"inLanguage":"es-CO","potentialAction":[{"@type":"ReadAction","target":["https:\/\/isiccolombia.com\/about\/"]}]},{"@type":"ImageObject","inLanguage":"es-CO","@id":"https:\/\/isiccolombia.com\/about\/#primaryimage","url":"https:\/\/isiccolombia.com\/wp-content\/uploads\/2022\/10\/students-home.png","contentUrl":"https:\/\/isiccolombia.com\/wp-content\/uploads\/2022\/10\/students-home.png"},{"@type":"BreadcrumbList","@id":"https:\/\/isiccolombia.com\/about\/#breadcrumb","itemListElement":[{"@type":"ListItem","position":1,"name":"Home","item":"https:\/\/isiccolombia.com\/"},{"@type":"ListItem","position":2,"name":"About ISIC Association"}]},{"@type":"WebSite","@id":"https:\/\/isiccolombia.com\/#website","url":"https:\/\/isiccolombia.com\/","name":"Pa\u00eds CIIU","description":"Tarjeta de identidad de estudiante internacional","publisher":{"@id":"https:\/\/isiccolombia.com\/#organization"},"potentialAction":[{"@type":"SearchAction","target":{"@type":"EntryPoint","urlTemplate":"https:\/\/isiccolombia.com\/?s={search_term_string}"},"query-input":{"@type":"PropertyValueSpecification","valueRequired":true,"valueName":"search_term_string"}}],"inLanguage":"es-CO"},{"@type":"Organization","@id":"https:\/\/isiccolombia.com\/#organization","name":"Asociaci\u00f3n ISIC","url":"https:\/\/isiccolombia.com\/","logo":{"@type":"ImageObject","inLanguage":"es-CO","@id":"https:\/\/isiccolombia.com\/#\/schema\/logo\/image\/","url":"https:\/\/isiccolombia.com\/wp-content\/uploads\/2022\/10\/isic-logo.png","contentUrl":"https:\/\/isiccolombia.com\/wp-content\/uploads\/2022\/10\/isic-logo.png","width":500,"height":199,"caption":"ISIC Association"},"image":{"@id":"https:\/\/isiccolombia.com\/#\/schema\/logo\/image\/"},"sameAs":["https:\/\/www.linkedin.com\/company\/isic---international-student-identity-card\/"]}]}},"_links":{"self":[{"href":"https:\/\/isiccolombia.com\/es\/wp-json\/wp\/v2\/pages\/8041","targetHints":{"allow":["GET"]}}],"collection":[{"href":"https:\/\/isiccolombia.com\/es\/wp-json\/wp\/v2\/pages"}],"about":[{"href":"https:\/\/isiccolombia.com\/es\/wp-json\/wp\/v2\/types\/page"}],"author":[{"embeddable":true,"href":"https:\/\/isiccolombia.com\/es\/wp-json\/wp\/v2\/users\/1"}],"replies":[{"embeddable":true,"href":"https:\/\/isiccolombia.com\/es\/wp-json\/wp\/v2\/comments?post=8041"}],"version-history":[{"count":0,"href":"https:\/\/isiccolombia.com\/es\/wp-json\/wp\/v2\/pages\/8041\/revisions"}],"wp:attachment":[{"href":"https:\/\/isiccolombia.com\/es\/wp-json\/wp\/v2\/media?parent=8041"}],"curies":[{"name":"wp","href":"https:\/\/api.w.org\/{rel}","templated":true}]}}