{"id":77347,"date":"2023-06-01T07:47:25","date_gmt":"2023-06-01T07:47:25","guid":{"rendered":"https:\/\/isiccolombia.com\/?page_id=77347"},"modified":"2023-09-06T07:28:09","modified_gmt":"2023-09-06T07:28:09","slug":"news","status":"publish","type":"page","link":"https:\/\/isiccolombia.com\/es\/news\/","title":{"rendered":"Noticias"},"content":{"rendered":"<div data-elementor-type=\"wp-page\" data-elementor-id=\"77347\" class=\"elementor elementor-77347\" data-elementor-post-type=\"page\">\n\t\t\t\t\t\t<section class=\"elementor-section elementor-top-section elementor-element elementor-element-13cb4fb elementor-section-boxed elementor-section-height-default elementor-section-height-default\" data-id=\"13cb4fb\" data-element_type=\"section\">\n\t\t\t\t\t\t<div class=\"elementor-container elementor-column-gap-default\">\n\t\t\t\t\t<div class=\"elementor-column elementor-col-100 elementor-top-column elementor-element elementor-element-13907c8\" data-id=\"13907c8\" data-element_type=\"column\">\n\t\t\t<div class=\"elementor-widget-wrap elementor-element-populated\">\n\t\t\t\t\t\t<div class=\"elementor-element elementor-element-3cadaa9 elementor-grid-3 elementor-grid-tablet-2 elementor-grid-mobile-1 elementor-posts--thumbnail-top elementor-card-shadow-yes elementor-posts__hover-gradient elementor-widget elementor-widget-posts\" data-id=\"3cadaa9\" data-element_type=\"widget\" data-settings=\"{&quot;pagination_type&quot;:&quot;load_more_infinite_scroll&quot;,&quot;cards_columns&quot;:&quot;3&quot;,&quot;cards_columns_tablet&quot;:&quot;2&quot;,&quot;cards_columns_mobile&quot;:&quot;1&quot;,&quot;cards_row_gap&quot;:{&quot;unit&quot;:&quot;px&quot;,&quot;size&quot;:35,&quot;sizes&quot;:[]},&quot;cards_row_gap_tablet&quot;:{&quot;unit&quot;:&quot;px&quot;,&quot;size&quot;:&quot;&quot;,&quot;sizes&quot;:[]},&quot;cards_row_gap_mobile&quot;:{&quot;unit&quot;:&quot;px&quot;,&quot;size&quot;:&quot;&quot;,&quot;sizes&quot;:[]},&quot;load_more_spinner&quot;:{&quot;value&quot;:&quot;fas fa-spinner&quot;,&quot;library&quot;:&quot;fa-solid&quot;}}\" data-widget_type=\"posts.cards\">\n\t\t\t\t<div class=\"elementor-widget-container\">\n\t\t\t\t\t<div class=\"elementor-posts-container elementor-posts elementor-posts--skin-cards elementor-grid\">\n\t\t\t\t<article class=\"elementor-post elementor-grid-item post-78406 post type-post status-publish format-standard has-post-thumbnail hentry category-announcements tag-isic-south-korea tag-korea-tourism-organization tag-kto tag-south-korea tag-visit-korea-year-2023-2024 category-11 description-off\">\n\t\t\t<div class=\"elementor-post__card\">\n\t\t\t\t<a class=\"elementor-post__thumbnail__link\" href=\"https:\/\/isiccolombia.com\/es\/korea-tourism-organization-offers-prepaid-cards-to-isic-holders-visiting-korea\/\" tabindex=\"-1\" ><div class=\"elementor-post__thumbnail\"><img decoding=\"async\" width=\"300\" height=\"113\" src=\"https:\/\/isiccolombia.com\/wp-content\/uploads\/2024\/08\/Blog_new_880x330_S.-Korea-300x113.jpg\" class=\"attachment-medium size-medium wp-image-78407\" alt=\"\" srcset=\"https:\/\/isiccolombia.com\/wp-content\/uploads\/2024\/08\/Blog_new_880x330_S.-Korea-300x113.jpg 300w, https:\/\/isiccolombia.com\/wp-content\/uploads\/2024\/08\/Blog_new_880x330_S.-Korea-768x288.jpg 768w, https:\/\/isiccolombia.com\/wp-content\/uploads\/2024\/08\/Blog_new_880x330_S.-Korea.jpg 880w\" sizes=\"(max-width: 300px) 100vw, 300px\" \/><\/div><\/a>\n\t\t\t\t<div class=\"elementor-post__badge\">Anuncios<\/div>\n\t\t\t\t<div class=\"elementor-post__text\">\n\t\t\t\t<h3 class=\"elementor-post__title\">\n\t\t\t<a href=\"https:\/\/isiccolombia.com\/es\/korea-tourism-organization-offers-prepaid-cards-to-isic-holders-visiting-korea\/\" >\n\t\t\t\t\u00a1La Organizaci\u00f3n de Turismo de Corea ofrece tarjetas prepagas a los titulares de ISIC que visitan Corea!\t\t\t<\/a>\n\t\t<\/h3>\n\t\t\t\t<div class=\"elementor-post__excerpt\">\n\t\t\t<p>Como parte de la iniciativa \u201cVisite Corea A\u00f1o 2023-2024\u201d, la Organizaci\u00f3n de Turismo de Corea (KTO) ofrece una oferta especial para estudiantes internacionales que tengan un<\/p>\n\t\t<\/div>\n\t\t\t\t\t<div class=\"elementor-post__read-more-wrapper\">\n\t\t\n\t\t<a class=\"elementor-post__read-more\" href=\"https:\/\/isiccolombia.com\/es\/korea-tourism-organization-offers-prepaid-cards-to-isic-holders-visiting-korea\/\" aria-label=\"Read more about Korea Tourism Organization Offers Prepaid Cards to ISIC Holders Visiting Korea!\" tabindex=\"-1\" >\n\t\t\tLeer m\u00e1s &quot;\t\t<\/a>\n\n\t\t\t\t\t<\/div>\n\t\t\t\t<\/div>\n\t\t\t\t<div class=\"elementor-post__meta-data\">\n\t\t\t\t\t<span class=\"elementor-post-date\">\n\t\t\t28 de agosto de 2024\t\t<\/span>\n\t\t\t\t<span class=\"elementor-post-avatar\">\n\t\t\tNo hay comentarios\t\t<\/span>\n\t\t\t\t<\/div>\n\t\t\t\t\t<\/div>\n\t\t<\/article>\n\t\t\t\t<article class=\"elementor-post elementor-grid-item post-78207 post type-post status-publish format-standard has-post-thumbnail hentry category-announcements tag-body-care-products tag-new-isic-benefit tag-personal-health tag-philips category-11 description-off\">\n\t\t\t<div class=\"elementor-post__card\">\n\t\t\t\t<a class=\"elementor-post__thumbnail__link\" href=\"https:\/\/isiccolombia.com\/es\/isic-welcomes-philips-personal-health-to-benefit-network-empowering-students-globally\/\" tabindex=\"-1\" ><div class=\"elementor-post__thumbnail\"><img decoding=\"async\" width=\"300\" height=\"150\" src=\"https:\/\/isiccolombia.com\/wp-content\/uploads\/2024\/03\/240305_articles_Philips_2-300x150.jpg\" class=\"attachment-medium size-medium wp-image-78210\" alt=\"\" srcset=\"https:\/\/isiccolombia.com\/wp-content\/uploads\/2024\/03\/240305_articles_Philips_2-300x150.jpg 300w, https:\/\/isiccolombia.com\/wp-content\/uploads\/2024\/03\/240305_articles_Philips_2-768x384.jpg 768w, https:\/\/isiccolombia.com\/wp-content\/uploads\/2024\/03\/240305_articles_Philips_2.jpg 1000w\" sizes=\"(max-width: 300px) 100vw, 300px\" \/><\/div><\/a>\n\t\t\t\t<div class=\"elementor-post__badge\">Anuncios<\/div>\n\t\t\t\t<div class=\"elementor-post__text\">\n\t\t\t\t<h3 class=\"elementor-post__title\">\n\t\t\t<a href=\"https:\/\/isiccolombia.com\/es\/isic-welcomes-philips-personal-health-to-benefit-network-empowering-students-globally\/\" >\n\t\t\t\tISIC da la bienvenida a Philips Personal Health para beneficiar a la red, empoderando a estudiantes de todo el mundo\t\t\t<\/a>\n\t\t<\/h3>\n\t\t\t\t<div class=\"elementor-post__excerpt\">\n\t\t\t<p>ISIC da la bienvenida con orgullo a Philips Personal Health a nuestra prestigiosa red, lo que marca un paso importante en nuestra misi\u00f3n de empoderar a los estudiantes de todo el mundo. Nos complace presentar...<\/p>\n\t\t<\/div>\n\t\t\t\t\t<div class=\"elementor-post__read-more-wrapper\">\n\t\t\n\t\t<a class=\"elementor-post__read-more\" href=\"https:\/\/isiccolombia.com\/es\/isic-welcomes-philips-personal-health-to-benefit-network-empowering-students-globally\/\" aria-label=\"Read more about ISIC Welcomes Philips Personal Health to Benefit Network, Empowering Students Globally\" tabindex=\"-1\" >\n\t\t\tLeer m\u00e1s &quot;\t\t<\/a>\n\n\t\t\t\t\t<\/div>\n\t\t\t\t<\/div>\n\t\t\t\t<div class=\"elementor-post__meta-data\">\n\t\t\t\t\t<span class=\"elementor-post-date\">\n\t\t\t22 de marzo de 2024\t\t<\/span>\n\t\t\t\t<span class=\"elementor-post-avatar\">\n\t\t\tNo hay comentarios\t\t<\/span>\n\t\t\t\t<\/div>\n\t\t\t\t\t<\/div>\n\t\t<\/article>\n\t\t\t\t<article class=\"elementor-post elementor-grid-item post-78127 post type-post status-publish format-standard has-post-thumbnail hentry category-announcements tag-british-council-english-online tag-english-classes tag-preparation-for-the-ielts-test category-11 description-off\">\n\t\t\t<div class=\"elementor-post__card\">\n\t\t\t\t<a class=\"elementor-post__thumbnail__link\" href=\"https:\/\/isiccolombia.com\/es\/introducing-a-fresh-perk-for-isic-cardholders-british-council-english-online\/\" tabindex=\"-1\" ><div class=\"elementor-post__thumbnail\"><img decoding=\"async\" width=\"300\" height=\"150\" src=\"https:\/\/isiccolombia.com\/wp-content\/uploads\/2024\/03\/240305_articles_BC_2-300x150.jpg\" class=\"attachment-medium size-medium wp-image-78128\" alt=\"\" srcset=\"https:\/\/isiccolombia.com\/wp-content\/uploads\/2024\/03\/240305_articles_BC_2-300x150.jpg 300w, https:\/\/isiccolombia.com\/wp-content\/uploads\/2024\/03\/240305_articles_BC_2-768x384.jpg 768w, https:\/\/isiccolombia.com\/wp-content\/uploads\/2024\/03\/240305_articles_BC_2.jpg 1000w\" sizes=\"(max-width: 300px) 100vw, 300px\" \/><\/div><\/a>\n\t\t\t\t<div class=\"elementor-post__badge\">Anuncios<\/div>\n\t\t\t\t<div class=\"elementor-post__text\">\n\t\t\t\t<h3 class=\"elementor-post__title\">\n\t\t\t<a href=\"https:\/\/isiccolombia.com\/es\/introducing-a-fresh-perk-for-isic-cardholders-british-council-english-online\/\" >\n\t\t\t\tPresentamos una nueva ventaja para los titulares de la tarjeta ISIC: British Council English Online\t\t\t<\/a>\n\t\t<\/h3>\n\t\t\t\t<div class=\"elementor-post__excerpt\">\n\t\t\t<p>Nos complace presentar una oportunidad especial para estudiantes de todo el mundo a trav\u00e9s de nuestra colaboraci\u00f3n con British Council English Online. Ya sea que busques mejorar tu confianza,<\/p>\n\t\t<\/div>\n\t\t\t\t\t<div class=\"elementor-post__read-more-wrapper\">\n\t\t\n\t\t<a class=\"elementor-post__read-more\" href=\"https:\/\/isiccolombia.com\/es\/introducing-a-fresh-perk-for-isic-cardholders-british-council-english-online\/\" aria-label=\"Read more about Introducing a Fresh Perk for ISIC Cardholders: British Council English Online\" tabindex=\"-1\" >\n\t\t\tLeer m\u00e1s &quot;\t\t<\/a>\n\n\t\t\t\t\t<\/div>\n\t\t\t\t<\/div>\n\t\t\t\t<div class=\"elementor-post__meta-data\">\n\t\t\t\t\t<span class=\"elementor-post-date\">\n\t\t\t6 de marzo de 2024\t\t<\/span>\n\t\t\t\t<span class=\"elementor-post-avatar\">\n\t\t\tNo hay comentarios\t\t<\/span>\n\t\t\t\t<\/div>\n\t\t\t\t\t<\/div>\n\t\t<\/article>\n\t\t\t\t<article class=\"elementor-post elementor-grid-item post-77594 post type-post status-publish format-standard has-post-thumbnail hentry category-announcements category-11 description-off\">\n\t\t\t<div class=\"elementor-post__card\">\n\t\t\t\t<a class=\"elementor-post__thumbnail__link\" href=\"https:\/\/isiccolombia.com\/es\/perlego\/\" tabindex=\"-1\" ><div class=\"elementor-post__thumbnail\"><img loading=\"lazy\" decoding=\"async\" width=\"300\" height=\"150\" src=\"https:\/\/isiccolombia.com\/wp-content\/uploads\/2023\/09\/perlego-300x150.png\" class=\"attachment-medium size-medium wp-image-77595\" alt=\"\" srcset=\"https:\/\/isiccolombia.com\/wp-content\/uploads\/2023\/09\/perlego-300x150.png 300w, https:\/\/isiccolombia.com\/wp-content\/uploads\/2023\/09\/perlego-768x384.png 768w, https:\/\/isiccolombia.com\/wp-content\/uploads\/2023\/09\/perlego.png 1000w\" sizes=\"(max-width: 300px) 100vw, 300px\" \/><\/div><\/a>\n\t\t\t\t<div class=\"elementor-post__badge\">Anuncios<\/div>\n\t\t\t\t<div class=\"elementor-post__text\">\n\t\t\t\t<h3 class=\"elementor-post__title\">\n\t\t\t<a href=\"https:\/\/isiccolombia.com\/es\/perlego\/\" >\n\t\t\t\tBrindando a los estudiantes acceso asequible a libros universitarios\t\t\t<\/a>\n\t\t<\/h3>\n\t\t\t\t<div class=\"elementor-post__excerpt\">\n\t\t\t<p>El costo de la educaci\u00f3n ha aumentado constantemente, y uno de los gastos m\u00e1s importantes que enfrentan los estudiantes es la compra de libros de texto y recursos acad\u00e9micos. Sin embargo, con la<\/p>\n\t\t<\/div>\n\t\t\t\t\t<div class=\"elementor-post__read-more-wrapper\">\n\t\t\n\t\t<a class=\"elementor-post__read-more\" href=\"https:\/\/isiccolombia.com\/es\/perlego\/\" aria-label=\"Read more about Empowering Students with Affordable Access to University Books\" tabindex=\"-1\" >\n\t\t\tLeer m\u00e1s &quot;\t\t<\/a>\n\n\t\t\t\t\t<\/div>\n\t\t\t\t<\/div>\n\t\t\t\t<div class=\"elementor-post__meta-data\">\n\t\t\t\t\t<span class=\"elementor-post-date\">\n\t\t\t6 de septiembre de 2023\t\t<\/span>\n\t\t\t\t<span class=\"elementor-post-avatar\">\n\t\t\tNo hay comentarios\t\t<\/span>\n\t\t\t\t<\/div>\n\t\t\t\t\t<\/div>\n\t\t<\/article>\n\t\t\t\t<article class=\"elementor-post elementor-grid-item post-77585 post type-post status-publish format-standard has-post-thumbnail hentry category-announcements category-11 description-off\">\n\t\t\t<div class=\"elementor-post__card\">\n\t\t\t\t<a class=\"elementor-post__thumbnail__link\" href=\"https:\/\/isiccolombia.com\/es\/top-3-business-schools-in-the-world-partners-with-isic\/\" tabindex=\"-1\" ><div class=\"elementor-post__thumbnail\"><img loading=\"lazy\" decoding=\"async\" width=\"300\" height=\"150\" src=\"https:\/\/isiccolombia.com\/wp-content\/uploads\/2023\/08\/article-businessschools-300x150.png\" class=\"attachment-medium size-medium wp-image-77586\" alt=\"\" srcset=\"https:\/\/isiccolombia.com\/wp-content\/uploads\/2023\/08\/article-businessschools-300x150.png 300w, https:\/\/isiccolombia.com\/wp-content\/uploads\/2023\/08\/article-businessschools-768x384.png 768w, https:\/\/isiccolombia.com\/wp-content\/uploads\/2023\/08\/article-businessschools.png 1000w\" sizes=\"(max-width: 300px) 100vw, 300px\" \/><\/div><\/a>\n\t\t\t\t<div class=\"elementor-post__badge\">Anuncios<\/div>\n\t\t\t\t<div class=\"elementor-post__text\">\n\t\t\t\t<h3 class=\"elementor-post__title\">\n\t\t\t<a href=\"https:\/\/isiccolombia.com\/es\/top-3-business-schools-in-the-world-partners-with-isic\/\" >\n\t\t\t\tLas 3 mejores escuelas de negocios del mundo se asocian con ISIC\t\t\t<\/a>\n\t\t<\/h3>\n\t\t\t\t<div class=\"elementor-post__excerpt\">\n\t\t\t<p>La Asociaci\u00f3n ISIC se complace en anunciar que las tres mejores escuelas de negocios del mundo seg\u00fan el ranking Financial Times 2023 para maestr\u00edas en<\/p>\n\t\t<\/div>\n\t\t\t\t\t<div class=\"elementor-post__read-more-wrapper\">\n\t\t\n\t\t<a class=\"elementor-post__read-more\" href=\"https:\/\/isiccolombia.com\/es\/top-3-business-schools-in-the-world-partners-with-isic\/\" aria-label=\"Read more about TOP 3 business schools in the world partners with ISIC\" tabindex=\"-1\" >\n\t\t\tLeer m\u00e1s &quot;\t\t<\/a>\n\n\t\t\t\t\t<\/div>\n\t\t\t\t<\/div>\n\t\t\t\t<div class=\"elementor-post__meta-data\">\n\t\t\t\t\t<span class=\"elementor-post-date\">\n\t\t\t31 de agosto de 2023\t\t<\/span>\n\t\t\t\t<span class=\"elementor-post-avatar\">\n\t\t\tNo hay comentarios\t\t<\/span>\n\t\t\t\t<\/div>\n\t\t\t\t\t<\/div>\n\t\t<\/article>\n\t\t\t\t<article class=\"elementor-post elementor-grid-item post-77576 post type-post status-publish format-standard has-post-thumbnail hentry category-announcements tag-dott tag-micromobility tag-sustainability tag-transportation category-11 description-off\">\n\t\t\t<div class=\"elementor-post__card\">\n\t\t\t\t<a class=\"elementor-post__thumbnail__link\" href=\"https:\/\/isiccolombia.com\/es\/dott\/\" tabindex=\"-1\" ><div class=\"elementor-post__thumbnail\"><img loading=\"lazy\" decoding=\"async\" width=\"300\" height=\"150\" src=\"https:\/\/isiccolombia.com\/wp-content\/uploads\/2023\/08\/dott1-300x150.png\" class=\"attachment-medium size-medium wp-image-77580\" alt=\"\" srcset=\"https:\/\/isiccolombia.com\/wp-content\/uploads\/2023\/08\/dott1-300x150.png 300w, https:\/\/isiccolombia.com\/wp-content\/uploads\/2023\/08\/dott1-768x384.png 768w, https:\/\/isiccolombia.com\/wp-content\/uploads\/2023\/08\/dott1.png 1000w\" sizes=\"(max-width: 300px) 100vw, 300px\" \/><\/div><\/a>\n\t\t\t\t<div class=\"elementor-post__badge\">Anuncios<\/div>\n\t\t\t\t<div class=\"elementor-post__text\">\n\t\t\t\t<h3 class=\"elementor-post__title\">\n\t\t\t<a href=\"https:\/\/isiccolombia.com\/es\/dott\/\" >\n\t\t\t\tNueva asociaci\u00f3n de beneficios globales con Dott\t\t\t<\/a>\n\t\t<\/h3>\n\t\t\t\t<div class=\"elementor-post__excerpt\">\n\t\t\t<p>Nos complace anunciar a nuestro nuevo y emocionante socio global de beneficios, Dott, una empresa pionera en micromovilidad que est\u00e1 transformando los desplazamientos urbanos. Con...<\/p>\n\t\t<\/div>\n\t\t\t\t\t<div class=\"elementor-post__read-more-wrapper\">\n\t\t\n\t\t<a class=\"elementor-post__read-more\" href=\"https:\/\/isiccolombia.com\/es\/dott\/\" aria-label=\"Read more about New Global Benefit Partnership with Dott\" tabindex=\"-1\" >\n\t\t\tLeer m\u00e1s &quot;\t\t<\/a>\n\n\t\t\t\t\t<\/div>\n\t\t\t\t<\/div>\n\t\t\t\t<div class=\"elementor-post__meta-data\">\n\t\t\t\t\t<span class=\"elementor-post-date\">\n\t\t\t23 de agosto de 2023\t\t<\/span>\n\t\t\t\t<span class=\"elementor-post-avatar\">\n\t\t\tNo hay comentarios\t\t<\/span>\n\t\t\t\t<\/div>\n\t\t\t\t\t<\/div>\n\t\t<\/article>\n\t\t\t\t<\/div>\n\t\t\t\t\t<span class=\"e-load-more-spinner\">\n\t\t\t\t<svg aria-hidden=\"true\" class=\"e-font-icon-svg e-fas-spinner\" viewbox=\"0 0 512 512\" xmlns=\"http:\/\/www.w3.org\/2000\/svg\"><path d=\"M304 48c0 26.51-21.49 48-48 48s-48-21.49-48-48 21.49-48 48-48 48 21.49 48 48zm-48 368c-26.51 0-48 21.49-48 48s21.49 48 48 48 48-21.49 48-48-21.49-48-48-48zm208-208c-26.51 0-48 21.49-48 48s21.49 48 48 48 48-21.49 48-48-21.49-48-48-48zM96 256c0-26.51-21.49-48-48-48S0 229.49 0 256s21.49 48 48 48 48-21.49 48-48zm12.922 99.078c-26.51 0-48 21.49-48 48s21.49 48 48 48 48-21.49 48-48c0-26.509-21.491-48-48-48zm294.156 0c-26.51 0-48 21.49-48 48s21.49 48 48 48 48-21.49 48-48c0-26.509-21.49-48-48-48zM108.922 60.922c-26.51 0-48 21.49-48 48s21.49 48 48 48 48-21.49 48-48-21.491-48-48-48z\"><\/path><\/svg>\t\t\t<\/span>\n\t\t\n\t\t\t\t<\/div>\n\t\t\t\t<\/div>\n\t\t\t\t\t<\/div>\n\t\t<\/div>\n\t\t\t\t\t<\/div>\n\t\t<\/section>\n\t\t\t\t<\/div>","protected":false},"excerpt":{"rendered":"","protected":false},"author":1,"featured_media":0,"parent":0,"menu_order":0,"comment_status":"closed","ping_status":"closed","template":"","meta":{"footnotes":""},"class_list":["post-77347","page","type-page","status-publish","hentry","category-11","description-off"],"yoast_head":"<!-- This site is optimized with the Yoast SEO plugin v24.0 - https:\/\/yoast.com\/wordpress\/plugins\/seo\/ -->\n<title>News - ISIC Country<\/title>\n<meta name=\"robots\" content=\"index, follow, max-snippet:-1, max-image-preview:large, max-video-preview:-1\" \/>\n<link rel=\"canonical\" href=\"https:\/\/www.isiccolombia.com\/news\/\" \/>\n<meta property=\"og:locale\" content=\"es_ES\" \/>\n<meta property=\"og:type\" content=\"article\" \/>\n<meta property=\"og:title\" content=\"News - ISIC Country\" \/>\n<meta property=\"og:url\" content=\"https:\/\/www.isiccolombia.com\/news\/\" \/>\n<meta property=\"og:site_name\" content=\"ISIC Country\" \/>\n<meta property=\"article:modified_time\" content=\"2023-09-06T07:28:09+00:00\" \/>\n<meta name=\"twitter:card\" content=\"summary_large_image\" \/>\n<meta name=\"twitter:label1\" content=\"Tiempo de lectura\" \/>\n\t<meta name=\"twitter:data1\" content=\"5 minutos\" \/>\n<script type=\"application\/ld+json\" class=\"yoast-schema-graph\">{\"@context\":\"https:\/\/schema.org\",\"@graph\":[{\"@type\":\"WebPage\",\"@id\":\"https:\/\/www.isiccolombia.com\/news\/\",\"url\":\"https:\/\/www.isiccolombia.com\/news\/\",\"name\":\"News - ISIC Country\",\"isPartOf\":{\"@id\":\"https:\/\/isiccolombia.com\/#website\"},\"datePublished\":\"2023-06-01T07:47:25+00:00\",\"dateModified\":\"2023-09-06T07:28:09+00:00\",\"breadcrumb\":{\"@id\":\"https:\/\/www.isiccolombia.com\/news\/#breadcrumb\"},\"inLanguage\":\"es-CO\",\"potentialAction\":[{\"@type\":\"ReadAction\",\"target\":[\"https:\/\/www.isiccolombia.com\/news\/\"]}]},{\"@type\":\"BreadcrumbList\",\"@id\":\"https:\/\/www.isiccolombia.com\/news\/#breadcrumb\",\"itemListElement\":[{\"@type\":\"ListItem\",\"position\":1,\"name\":\"Home\",\"item\":\"https:\/\/isiccolombia.com\/\"},{\"@type\":\"ListItem\",\"position\":2,\"name\":\"News\"}]},{\"@type\":\"WebSite\",\"@id\":\"https:\/\/isiccolombia.com\/#website\",\"url\":\"https:\/\/isiccolombia.com\/\",\"name\":\"ISIC Country\",\"description\":\"International Student Identity Card\",\"publisher\":{\"@id\":\"https:\/\/isiccolombia.com\/#organization\"},\"potentialAction\":[{\"@type\":\"SearchAction\",\"target\":{\"@type\":\"EntryPoint\",\"urlTemplate\":\"https:\/\/isiccolombia.com\/?s={search_term_string}\"},\"query-input\":{\"@type\":\"PropertyValueSpecification\",\"valueRequired\":true,\"valueName\":\"search_term_string\"}}],\"inLanguage\":\"es-CO\"},{\"@type\":\"Organization\",\"@id\":\"https:\/\/isiccolombia.com\/#organization\",\"name\":\"ISIC Association\",\"url\":\"https:\/\/isiccolombia.com\/\",\"logo\":{\"@type\":\"ImageObject\",\"inLanguage\":\"es-CO\",\"@id\":\"https:\/\/isiccolombia.com\/#\/schema\/logo\/image\/\",\"url\":\"https:\/\/isiccolombia.com\/wp-content\/uploads\/2022\/10\/isic-logo.png\",\"contentUrl\":\"https:\/\/isiccolombia.com\/wp-content\/uploads\/2022\/10\/isic-logo.png\",\"width\":500,\"height\":199,\"caption\":\"ISIC Association\"},\"image\":{\"@id\":\"https:\/\/isiccolombia.com\/#\/schema\/logo\/image\/\"},\"sameAs\":[\"https:\/\/www.linkedin.com\/company\/isic---international-student-identity-card\/\"]}]}<\/script>\n<!-- \/ Yoast SEO plugin. -->","yoast_head_json":{"title":"News - ISIC Country","robots":{"index":"index","follow":"follow","max-snippet":"max-snippet:-1","max-image-preview":"max-image-preview:large","max-video-preview":"max-video-preview:-1"},"canonical":"https:\/\/www.isiccolombia.com\/news\/","og_locale":"es_ES","og_type":"article","og_title":"News - ISIC Country","og_url":"https:\/\/www.isiccolombia.com\/news\/","og_site_name":"ISIC Country","article_modified_time":"2023-09-06T07:28:09+00:00","twitter_card":"summary_large_image","twitter_misc":{"Tiempo de lectura":"5 minutos"},"schema":{"@context":"https:\/\/schema.org","@graph":[{"@type":"WebPage","@id":"https:\/\/www.isiccolombia.com\/news\/","url":"https:\/\/www.isiccolombia.com\/news\/","name":"News - ISIC Country","isPartOf":{"@id":"https:\/\/isiccolombia.com\/#website"},"datePublished":"2023-06-01T07:47:25+00:00","dateModified":"2023-09-06T07:28:09+00:00","breadcrumb":{"@id":"https:\/\/www.isiccolombia.com\/news\/#breadcrumb"},"inLanguage":"es-CO","potentialAction":[{"@type":"ReadAction","target":["https:\/\/www.isiccolombia.com\/news\/"]}]},{"@type":"BreadcrumbList","@id":"https:\/\/www.isiccolombia.com\/news\/#breadcrumb","itemListElement":[{"@type":"ListItem","position":1,"name":"Home","item":"https:\/\/isiccolombia.com\/"},{"@type":"ListItem","position":2,"name":"News"}]},{"@type":"WebSite","@id":"https:\/\/isiccolombia.com\/#website","url":"https:\/\/isiccolombia.com\/","name":"Pa\u00eds CIIU","description":"Tarjeta de identidad de estudiante internacional","publisher":{"@id":"https:\/\/isiccolombia.com\/#organization"},"potentialAction":[{"@type":"SearchAction","target":{"@type":"EntryPoint","urlTemplate":"https:\/\/isiccolombia.com\/?s={search_term_string}"},"query-input":{"@type":"PropertyValueSpecification","valueRequired":true,"valueName":"search_term_string"}}],"inLanguage":"es-CO"},{"@type":"Organization","@id":"https:\/\/isiccolombia.com\/#organization","name":"Asociaci\u00f3n ISIC","url":"https:\/\/isiccolombia.com\/","logo":{"@type":"ImageObject","inLanguage":"es-CO","@id":"https:\/\/isiccolombia.com\/#\/schema\/logo\/image\/","url":"https:\/\/isiccolombia.com\/wp-content\/uploads\/2022\/10\/isic-logo.png","contentUrl":"https:\/\/isiccolombia.com\/wp-content\/uploads\/2022\/10\/isic-logo.png","width":500,"height":199,"caption":"ISIC Association"},"image":{"@id":"https:\/\/isiccolombia.com\/#\/schema\/logo\/image\/"},"sameAs":["https:\/\/www.linkedin.com\/company\/isic---international-student-identity-card\/"]}]}},"_links":{"self":[{"href":"https:\/\/isiccolombia.com\/es\/wp-json\/wp\/v2\/pages\/77347","targetHints":{"allow":["GET"]}}],"collection":[{"href":"https:\/\/isiccolombia.com\/es\/wp-json\/wp\/v2\/pages"}],"about":[{"href":"https:\/\/isiccolombia.com\/es\/wp-json\/wp\/v2\/types\/page"}],"author":[{"embeddable":true,"href":"https:\/\/isiccolombia.com\/es\/wp-json\/wp\/v2\/users\/1"}],"replies":[{"embeddable":true,"href":"https:\/\/isiccolombia.com\/es\/wp-json\/wp\/v2\/comments?post=77347"}],"version-history":[{"count":0,"href":"https:\/\/isiccolombia.com\/es\/wp-json\/wp\/v2\/pages\/77347\/revisions"}],"wp:attachment":[{"href":"https:\/\/isiccolombia.com\/es\/wp-json\/wp\/v2\/media?parent=77347"}],"curies":[{"name":"wp","href":"https:\/\/api.w.org\/{rel}","templated":true}]}}