{"id":11182,"date":"2022-10-18T08:01:43","date_gmt":"2022-10-18T08:01:43","guid":{"rendered":"https:\/\/new.isic.org\/?page_id=11182"},"modified":"2025-03-28T14:28:44","modified_gmt":"2025-03-28T14:28:44","slug":"discounts","status":"publish","type":"page","link":"https:\/\/isiccolombia.com\/es\/discounts\/","title":{"rendered":"Descuentos"},"content":{"rendered":"<div data-elementor-type=\"wp-page\" data-elementor-id=\"11182\" class=\"elementor elementor-11182\" data-elementor-post-type=\"page\">\n\t\t\t\t\t\t<section class=\"elementor-section elementor-top-section elementor-element elementor-element-6a552f2 elementor-section-full_width elementor-section-height-default elementor-section-height-default\" data-id=\"6a552f2\" data-element_type=\"section\">\n\t\t\t\t\t\t<div class=\"elementor-container elementor-column-gap-default\">\n\t\t\t\t\t<div class=\"elementor-column elementor-col-100 elementor-top-column elementor-element elementor-element-b9e9632\" data-id=\"b9e9632\" data-element_type=\"column\">\n\t\t\t<div class=\"elementor-widget-wrap elementor-element-populated\">\n\t\t\t\t\t\t<div class=\"elementor-element elementor-element-2c4f200 elementor-widget__width-inherit elementor-widget elementor-widget-html\" data-id=\"2c4f200\" data-element_type=\"widget\" data-widget_type=\"html.default\">\n\t\t\t\t<div class=\"elementor-widget-container\">\n\t\t\t<script src=\"https:\/\/widgets.isic.org\/discounts\/discounts-widget.min.js?v2\"><\/script>\r\n<discounts-widget access-token=\"1736d7d0-a99a-46fb-9f19-c7040698b186\" application-name=\"isiccolombia.com\" default-location=\"Colombia\">\r\n<div style=\"text-align: center; margin-left: 0px;margin-right: 0px;\">\r\n    <div style=\"display: inline-block; text-align: left; font-family: Roboto,sans-serif;\"> \r\n        <h1 style=\"color: #40b8b8;\">Su navegador es demasiado antiguo<\/h1>  \r\n        <p style=\"color: #346562; font-size: 14px;\"> \r\n            Lo sentimos, pero su navegador web est\u00e1 desactualizado y no admite las \u00faltimas tecnolog\u00edas para mostrar nuestros descuentos. \r\n            <br\/><br\/> Para disfrutar de nuestro sitio web, descargue la \u00faltima versi\u00f3n de <a href=\"https:\/\/www.google.com\/intl\/en\/chrome\/\">Google Chrome<\/a>, \r\n            <a href=\"https:\/\/www.mozilla.org\/en-US\/firefox\/new\/\"> Mozilla Firefox<\/a> o <a href=\"https:\/\/www.microsoft.com\/enUS\/edge\"> Microsoft Edge<\/a>. \r\n        <\/p> \r\n    <\/div>\r\n<\/div>\r\n\r\n<\/discounts-widget>\t\t<\/div>\n\t\t\t\t<\/div>\n\t\t\t\t\t<\/div>\n\t\t<\/div>\n\t\t\t\t\t<\/div>\n\t\t<\/section>\n\t\t\t\t<\/div>","protected":false},"excerpt":{"rendered":"<p>Your browser is too old We&#8217;re sorry, but your web browser is outdated and doesn&#8217;t support latest technologies to display our discounts. To enjoy our website, please download the latest version of Google Chrome, Mozilla Firefox or Microsoft Edge.<\/p>","protected":false},"author":1,"featured_media":0,"parent":0,"menu_order":0,"comment_status":"closed","ping_status":"closed","template":"elementor_header_footer","meta":{"footnotes":""},"class_list":["post-11182","page","type-page","status-publish","hentry"],"yoast_head":"<!-- This site is optimized with the Yoast SEO plugin v24.0 - https:\/\/yoast.com\/wordpress\/plugins\/seo\/ -->\n<title>Discounts - ISIC Country<\/title>\n<meta name=\"robots\" content=\"index, follow, max-snippet:-1, max-image-preview:large, max-video-preview:-1\" \/>\n<link rel=\"canonical\" href=\"https:\/\/isiccolombia.com\/es\/discounts\/\" \/>\n<meta property=\"og:locale\" content=\"es_ES\" \/>\n<meta property=\"og:type\" content=\"article\" \/>\n<meta property=\"og:title\" content=\"Discounts - ISIC Country\" \/>\n<meta property=\"og:description\" content=\"Your browser is too old We&#8217;re sorry, but your web browser is outdated and doesn&#8217;t support latest technologies to display our discounts. To enjoy our website, please download the latest version of Google Chrome, Mozilla Firefox or Microsoft Edge.\" \/>\n<meta property=\"og:url\" content=\"https:\/\/isiccolombia.com\/es\/discounts\/\" \/>\n<meta property=\"og:site_name\" content=\"ISIC Country\" \/>\n<meta property=\"article:modified_time\" content=\"2025-03-28T14:28:44+00:00\" \/>\n<meta name=\"twitter:card\" content=\"summary_large_image\" \/>\n<meta name=\"twitter:label1\" content=\"Tiempo de lectura\" \/>\n\t<meta name=\"twitter:data1\" content=\"1 minuto\" \/>\n<script type=\"application\/ld+json\" class=\"yoast-schema-graph\">{\"@context\":\"https:\/\/schema.org\",\"@graph\":[{\"@type\":\"WebPage\",\"@id\":\"https:\/\/isiccolombia.com\/discounts\/\",\"url\":\"https:\/\/isiccolombia.com\/discounts\/\",\"name\":\"Discounts - ISIC Country\",\"isPartOf\":{\"@id\":\"https:\/\/isiccolombia.com\/#website\"},\"datePublished\":\"2022-10-18T08:01:43+00:00\",\"dateModified\":\"2025-03-28T14:28:44+00:00\",\"breadcrumb\":{\"@id\":\"https:\/\/isiccolombia.com\/discounts\/#breadcrumb\"},\"inLanguage\":\"es-CO\",\"potentialAction\":[{\"@type\":\"ReadAction\",\"target\":[\"https:\/\/isiccolombia.com\/discounts\/\"]}]},{\"@type\":\"BreadcrumbList\",\"@id\":\"https:\/\/isiccolombia.com\/discounts\/#breadcrumb\",\"itemListElement\":[{\"@type\":\"ListItem\",\"position\":1,\"name\":\"Home\",\"item\":\"https:\/\/isiccolombia.com\/\"},{\"@type\":\"ListItem\",\"position\":2,\"name\":\"Discounts\"}]},{\"@type\":\"WebSite\",\"@id\":\"https:\/\/isiccolombia.com\/#website\",\"url\":\"https:\/\/isiccolombia.com\/\",\"name\":\"ISIC Country\",\"description\":\"International Student Identity Card\",\"publisher\":{\"@id\":\"https:\/\/isiccolombia.com\/#organization\"},\"potentialAction\":[{\"@type\":\"SearchAction\",\"target\":{\"@type\":\"EntryPoint\",\"urlTemplate\":\"https:\/\/isiccolombia.com\/?s={search_term_string}\"},\"query-input\":{\"@type\":\"PropertyValueSpecification\",\"valueRequired\":true,\"valueName\":\"search_term_string\"}}],\"inLanguage\":\"es-CO\"},{\"@type\":\"Organization\",\"@id\":\"https:\/\/isiccolombia.com\/#organization\",\"name\":\"ISIC Association\",\"url\":\"https:\/\/isiccolombia.com\/\",\"logo\":{\"@type\":\"ImageObject\",\"inLanguage\":\"es-CO\",\"@id\":\"https:\/\/isiccolombia.com\/#\/schema\/logo\/image\/\",\"url\":\"https:\/\/isiccolombia.com\/wp-content\/uploads\/2022\/10\/isic-logo.png\",\"contentUrl\":\"https:\/\/isiccolombia.com\/wp-content\/uploads\/2022\/10\/isic-logo.png\",\"width\":500,\"height\":199,\"caption\":\"ISIC Association\"},\"image\":{\"@id\":\"https:\/\/isiccolombia.com\/#\/schema\/logo\/image\/\"},\"sameAs\":[\"https:\/\/www.linkedin.com\/company\/isic---international-student-identity-card\/\"]}]}<\/script>\n<!-- \/ Yoast SEO plugin. -->","yoast_head_json":{"title":"Discounts - ISIC Country","robots":{"index":"index","follow":"follow","max-snippet":"max-snippet:-1","max-image-preview":"max-image-preview:large","max-video-preview":"max-video-preview:-1"},"canonical":"https:\/\/isiccolombia.com\/es\/discounts\/","og_locale":"es_ES","og_type":"article","og_title":"Discounts - ISIC Country","og_description":"Your browser is too old We&#8217;re sorry, but your web browser is outdated and doesn&#8217;t support latest technologies to display our discounts. To enjoy our website, please download the latest version of Google Chrome, Mozilla Firefox or Microsoft Edge.","og_url":"https:\/\/isiccolombia.com\/es\/discounts\/","og_site_name":"ISIC Country","article_modified_time":"2025-03-28T14:28:44+00:00","twitter_card":"summary_large_image","twitter_misc":{"Tiempo de lectura":"1 minuto"},"schema":{"@context":"https:\/\/schema.org","@graph":[{"@type":"WebPage","@id":"https:\/\/isiccolombia.com\/discounts\/","url":"https:\/\/isiccolombia.com\/discounts\/","name":"Discounts - ISIC Country","isPartOf":{"@id":"https:\/\/isiccolombia.com\/#website"},"datePublished":"2022-10-18T08:01:43+00:00","dateModified":"2025-03-28T14:28:44+00:00","breadcrumb":{"@id":"https:\/\/isiccolombia.com\/discounts\/#breadcrumb"},"inLanguage":"es-CO","potentialAction":[{"@type":"ReadAction","target":["https:\/\/isiccolombia.com\/discounts\/"]}]},{"@type":"BreadcrumbList","@id":"https:\/\/isiccolombia.com\/discounts\/#breadcrumb","itemListElement":[{"@type":"ListItem","position":1,"name":"Home","item":"https:\/\/isiccolombia.com\/"},{"@type":"ListItem","position":2,"name":"Discounts"}]},{"@type":"WebSite","@id":"https:\/\/isiccolombia.com\/#website","url":"https:\/\/isiccolombia.com\/","name":"Pa\u00eds CIIU","description":"Tarjeta de identidad de estudiante internacional","publisher":{"@id":"https:\/\/isiccolombia.com\/#organization"},"potentialAction":[{"@type":"SearchAction","target":{"@type":"EntryPoint","urlTemplate":"https:\/\/isiccolombia.com\/?s={search_term_string}"},"query-input":{"@type":"PropertyValueSpecification","valueRequired":true,"valueName":"search_term_string"}}],"inLanguage":"es-CO"},{"@type":"Organization","@id":"https:\/\/isiccolombia.com\/#organization","name":"Asociaci\u00f3n ISIC","url":"https:\/\/isiccolombia.com\/","logo":{"@type":"ImageObject","inLanguage":"es-CO","@id":"https:\/\/isiccolombia.com\/#\/schema\/logo\/image\/","url":"https:\/\/isiccolombia.com\/wp-content\/uploads\/2022\/10\/isic-logo.png","contentUrl":"https:\/\/isiccolombia.com\/wp-content\/uploads\/2022\/10\/isic-logo.png","width":500,"height":199,"caption":"ISIC Association"},"image":{"@id":"https:\/\/isiccolombia.com\/#\/schema\/logo\/image\/"},"sameAs":["https:\/\/www.linkedin.com\/company\/isic---international-student-identity-card\/"]}]}},"_links":{"self":[{"href":"https:\/\/isiccolombia.com\/es\/wp-json\/wp\/v2\/pages\/11182","targetHints":{"allow":["GET"]}}],"collection":[{"href":"https:\/\/isiccolombia.com\/es\/wp-json\/wp\/v2\/pages"}],"about":[{"href":"https:\/\/isiccolombia.com\/es\/wp-json\/wp\/v2\/types\/page"}],"author":[{"embeddable":true,"href":"https:\/\/isiccolombia.com\/es\/wp-json\/wp\/v2\/users\/1"}],"replies":[{"embeddable":true,"href":"https:\/\/isiccolombia.com\/es\/wp-json\/wp\/v2\/comments?post=11182"}],"version-history":[{"count":0,"href":"https:\/\/isiccolombia.com\/es\/wp-json\/wp\/v2\/pages\/11182\/revisions"}],"wp:attachment":[{"href":"https:\/\/isiccolombia.com\/es\/wp-json\/wp\/v2\/media?parent=11182"}],"curies":[{"name":"wp","href":"https:\/\/api.w.org\/{rel}","templated":true}]}}