{"id":11179,"date":"2022-10-18T08:01:10","date_gmt":"2022-10-18T08:01:10","guid":{"rendered":"https:\/\/new.isic.org\/?page_id=11179"},"modified":"2023-11-16T10:10:21","modified_gmt":"2023-11-16T10:10:21","slug":"cards","status":"publish","type":"page","link":"https:\/\/isiccolombia.com\/es\/cards\/","title":{"rendered":"\u00bfQu\u00e9 tarjeta es la adecuada para usted?"},"content":{"rendered":"<div data-elementor-type=\"wp-page\" data-elementor-id=\"11179\" class=\"elementor elementor-11179\" data-elementor-post-type=\"page\">\n\t\t\t\t\t\t<section class=\"elementor-section elementor-top-section elementor-element elementor-element-aa6a5fd elementor-section-boxed elementor-section-height-default elementor-section-height-default\" data-id=\"aa6a5fd\" data-element_type=\"section\">\n\t\t\t\t\t\t<div class=\"elementor-container elementor-column-gap-default\">\n\t\t\t\t\t<div class=\"elementor-column elementor-col-100 elementor-top-column elementor-element elementor-element-88f5b75\" data-id=\"88f5b75\" data-element_type=\"column\">\n\t\t\t<div class=\"elementor-widget-wrap elementor-element-populated\">\n\t\t\t\t\t\t<div class=\"elementor-element elementor-element-f62e63e content-align-left icon-box-vertical-align-top icon-vertical-align-start elementor-widget elementor-widget-the7_image_box_grid_widget\" data-id=\"f62e63e\" data-element_type=\"widget\" data-widget_type=\"the7_image_box_grid_widget.default\">\n\t\t\t\t<div class=\"elementor-widget-container\">\n\t\t\t<div class=\"the7-box-grid-wrapper the7-elementor-widget loading-effect-none the7_image_box_grid_widget-f62e63e\">\t\t\t<div class=\"dt-css-grid\">\n\t\t\t\t\t\t\t\t\t<div class=\"wf-cell shown\">\n\t\t\t\t\t\t<div class=\"the7-image-box-wrapper the7-box-wrapper the7-elementor-widget\">\t\t\t\t\t\t\t<div class=\"box-content-wrapper\">\n\n\t\t\t\t\t\t\t\t\t\t\t\t\t\t\t\t\t<div class=\"elementor-image-div\">\n\t\t\t\t\t\t\t\t\t\t<a class=\"post-thumbnail-rollover layzr-bg img-css-resize-wrapper\" href=\"\/es\/cards\/isic\/\"><img fetchpriority=\"high\" decoding=\"async\" width=\"500\" height=\"554\" src=\"data:image\/svg+xml,%3Csvg%20xmlns%3D&#039;http%3A%2F%2Fwww.w3.org%2F2000%2Fsvg&#039;%20viewBox%3D&#039;0%200%20500%20554&#039;%2F%3E\" class=\"attachment-full size-full preload-me aspect lazy lazy-load\" alt=\"ISIC cards\" sizes=\"(max-width: 500px) 100vw, 500px\" style=\"--ratio: 500 \/ 554;\" data-src=\"https:\/\/isiccolombia.com\/wp-content\/uploads\/2023\/02\/ISIC-double.png\" loading=\"eager\" data-srcset=\"https:\/\/isiccolombia.com\/wp-content\/uploads\/2023\/02\/ISIC-double.png 500w, https:\/\/isiccolombia.com\/wp-content\/uploads\/2023\/02\/ISIC-double-271x300.png 271w\" \/><\/a>\t\t\t\t\t\t\t\t\t<\/div>\n\t\t\t\t\t\t\t\t\t\t\t\t\t\t\t\t<div class=\"box-content\">\n\t\t\t\t\t\t\t\t\t<h4 class=\"box-heading\"><a href=\"\/es\/cards\/isic\/\">ISIC - Tarjeta de Identidad de Estudiante Internacional<\/a><\/h4><div class=\"box-description\"><p>La tarjeta ISIC es la \u00fanica tarjeta de identidad estudiantil aceptada internacionalmente que proporciona verificaci\u00f3n del estado de estudiante, miles de descuentos en todo el mundo y acceso a la comunidad estudiantil global.\n<\/p><p>\nSi eres estudiante de tiempo completo en la escuela, instituto o universidad, puedes solicitar la tarjeta de estudiante ISIC. No hay l\u00edmite de edad. Se requerir\u00e1 comprobante de tu condici\u00f3n de estudiante de tiempo completo al momento de la solicitud. Los ni\u00f1os que asisten a la escuela primaria o secundaria pueden obtener la tarjeta de estudiante ISIC.<\/p><\/div><a href=\"\/es\/cards\/isic\/\" class=\"box-button elementor-button elementor-size-md\">M\u00e1s informaci\u00f3n<\/a>\t\t\t\t\t\t\t\t<\/div>\n\t\t\t\t\t\t\t<\/div>\n\t\t\t\t\t\t<\/div>\t\t\t\t\t<\/div>\n\t\t\t\t\t\t\t\t\t\t<div class=\"wf-cell shown\">\n\t\t\t\t\t\t<div class=\"the7-image-box-wrapper the7-box-wrapper the7-elementor-widget\">\t\t\t\t\t\t\t<div class=\"box-content-wrapper\">\n\n\t\t\t\t\t\t\t\t\t\t\t\t\t\t\t\t\t<div class=\"elementor-image-div\">\n\t\t\t\t\t\t\t\t\t\t<a class=\"post-thumbnail-rollover layzr-bg img-css-resize-wrapper\" href=\"\/es\/cards\/itic\/\"><img decoding=\"async\" width=\"500\" height=\"554\" src=\"data:image\/svg+xml,%3Csvg%20xmlns%3D&#039;http%3A%2F%2Fwww.w3.org%2F2000%2Fsvg&#039;%20viewBox%3D&#039;0%200%20500%20554&#039;%2F%3E\" class=\"attachment-full size-full preload-me aspect lazy lazy-load\" alt=\"ITIC cards\" sizes=\"(max-width: 500px) 100vw, 500px\" style=\"--ratio: 500 \/ 554;\" data-src=\"https:\/\/isiccolombia.com\/wp-content\/uploads\/2023\/02\/ITIC-double.png\" loading=\"eager\" data-srcset=\"https:\/\/isiccolombia.com\/wp-content\/uploads\/2023\/02\/ITIC-double.png 500w, https:\/\/isiccolombia.com\/wp-content\/uploads\/2023\/02\/ITIC-double-271x300.png 271w\" \/><\/a>\t\t\t\t\t\t\t\t\t<\/div>\n\t\t\t\t\t\t\t\t\t\t\t\t\t\t\t\t<div class=\"box-content\">\n\t\t\t\t\t\t\t\t\t<h4 class=\"box-heading\"><a href=\"\/es\/cards\/itic\/\">ITIC - Tarjeta Internacional de Identidad Docente<\/a><\/h4><div class=\"box-description\"><p>La tarjeta ITIC es la \u00fanica tarjeta de identificaci\u00f3n reconocida internacionalmente que brinda a los docentes o catedr\u00e1ticos de tiempo completo numerosos descuentos y ahorros para docentes tanto en el pa\u00eds como en el extranjero.<\/p><p>Puedes solicitar la tarjeta ITIC si trabajas al menos 18 horas semanales en una instituci\u00f3n educativa acreditada durante un m\u00ednimo de un a\u00f1o acad\u00e9mico. Tambi\u00e9n necesitar\u00e1s una foto reciente tama\u00f1o pasaporte.<\/p><\/div><a href=\"\/es\/cards\/itic\/\" class=\"box-button elementor-button elementor-size-md\">M\u00e1s informaci\u00f3n<\/a>\t\t\t\t\t\t\t\t<\/div>\n\t\t\t\t\t\t\t<\/div>\n\t\t\t\t\t\t<\/div>\t\t\t\t\t<\/div>\n\t\t\t\t\t\t\t\t\t\t<div class=\"wf-cell shown\">\n\t\t\t\t\t\t<div class=\"the7-image-box-wrapper the7-box-wrapper the7-elementor-widget\">\t\t\t\t\t\t\t<div class=\"box-content-wrapper\">\n\n\t\t\t\t\t\t\t\t\t\t\t\t\t\t\t\t\t<div class=\"elementor-image-div\">\n\t\t\t\t\t\t\t\t\t\t<a class=\"post-thumbnail-rollover layzr-bg img-css-resize-wrapper\" href=\"\/es\/cards\/iytc\/\"><img decoding=\"async\" width=\"500\" height=\"554\" src=\"data:image\/svg+xml,%3Csvg%20xmlns%3D&#039;http%3A%2F%2Fwww.w3.org%2F2000%2Fsvg&#039;%20viewBox%3D&#039;0%200%20500%20554&#039;%2F%3E\" class=\"attachment-full size-full preload-me aspect lazy lazy-load\" alt=\"IYTC cards\" sizes=\"(max-width: 500px) 100vw, 500px\" style=\"--ratio: 500 \/ 554;\" data-src=\"https:\/\/isiccolombia.com\/wp-content\/uploads\/2023\/02\/IYTC-double.png\" loading=\"eager\" data-srcset=\"https:\/\/isiccolombia.com\/wp-content\/uploads\/2023\/02\/IYTC-double.png 500w, https:\/\/isiccolombia.com\/wp-content\/uploads\/2023\/02\/IYTC-double-271x300.png 271w\" \/><\/a>\t\t\t\t\t\t\t\t\t<\/div>\n\t\t\t\t\t\t\t\t\t\t\t\t\t\t\t\t<div class=\"box-content\">\n\t\t\t\t\t\t\t\t\t<h4 class=\"box-heading\"><a href=\"\/es\/cards\/iytc\/\">IYTC - Tarjeta de Viaje Internacional para J\u00f3venes<\/a><\/h4><div class=\"box-description\"><p>\u00bfYa no eres estudiante? La tarjeta IYTC ofrece muchos de los mismos beneficios y descuentos que la tarjeta ISIC y es una herramienta muy \u00fatil, especialmente si viajas al extranjero.<\/p><p>Para obtener un IYTC, debe demostrar su edad con un documento de identidad oficial emitido en su pa\u00eds de residencia, pasaporte o certificado de nacimiento. Tambi\u00e9n necesitar\u00e1 una fotograf\u00eda reciente tama\u00f1o pasaporte.<\/p><\/div><a href=\"\/es\/cards\/iytc\/\" class=\"box-button elementor-button elementor-size-md\">M\u00e1s informaci\u00f3n<\/a>\t\t\t\t\t\t\t\t<\/div>\n\t\t\t\t\t\t\t<\/div>\n\t\t\t\t\t\t<\/div>\t\t\t\t\t<\/div>\n\t\t\t\t\t\t\t\t<\/div>\n\t\t\t<\/div>\t\t<\/div>\n\t\t\t\t<\/div>\n\t\t\t\t\t<\/div>\n\t\t<\/div>\n\t\t\t\t\t<\/div>\n\t\t<\/section>\n\t\t\t\t<section class=\"elementor-section elementor-top-section elementor-element elementor-element-33fb26b elementor-section-boxed elementor-section-height-default elementor-section-height-default\" data-id=\"33fb26b\" data-element_type=\"section\">\n\t\t\t\t\t\t<div class=\"elementor-container elementor-column-gap-default\">\n\t\t\t\t\t<div class=\"elementor-column elementor-col-100 elementor-top-column elementor-element elementor-element-81af5a4\" data-id=\"81af5a4\" data-element_type=\"column\">\n\t\t\t<div class=\"elementor-widget-wrap elementor-element-populated\">\n\t\t\t\t\t\t<div class=\"elementor-element elementor-element-e578be0 elementor-widget elementor-widget-spacer\" data-id=\"e578be0\" data-element_type=\"widget\" data-widget_type=\"spacer.default\">\n\t\t\t\t<div class=\"elementor-widget-container\">\n\t\t\t\t\t<div class=\"elementor-spacer\">\n\t\t\t<div class=\"elementor-spacer-inner\"><\/div>\n\t\t<\/div>\n\t\t\t\t<\/div>\n\t\t\t\t<\/div>\n\t\t\t\t\t<\/div>\n\t\t<\/div>\n\t\t\t\t\t<\/div>\n\t\t<\/section>\n\t\t\t\t<\/div>","protected":false},"excerpt":{"rendered":"<p>ISIC &#8211; International Student Identity Card The ISIC card is the only internationally accepted student identity card which provides student status verification, thousands of discounts worldwide and access to the global student community. If you\u2019re a full-time student at school, college or university you can apply for the ISIC student card. There is no upper&hellip;<\/p>","protected":false},"author":1,"featured_media":0,"parent":0,"menu_order":0,"comment_status":"closed","ping_status":"closed","template":"","meta":{"footnotes":""},"class_list":["post-11179","page","type-page","status-publish","hentry"],"yoast_head":"<!-- This site is optimized with the Yoast SEO plugin v24.0 - https:\/\/yoast.com\/wordpress\/plugins\/seo\/ -->\n<title>Which card is right for you? - ISIC Country<\/title>\n<meta name=\"robots\" content=\"index, follow, max-snippet:-1, max-image-preview:large, max-video-preview:-1\" \/>\n<link rel=\"canonical\" href=\"https:\/\/isiccolombia.com\/es\/cards\/\" \/>\n<meta property=\"og:locale\" content=\"es_ES\" \/>\n<meta property=\"og:type\" content=\"article\" \/>\n<meta property=\"og:title\" content=\"Which card is right for you? - ISIC Country\" \/>\n<meta property=\"og:description\" content=\"ISIC &#8211; International Student Identity Card The ISIC card is the only internationally accepted student identity card which provides student status verification, thousands of discounts worldwide and access to the global student community. If you\u2019re a full-time student at school, college or university you can apply for the ISIC student card. There is no upper&hellip;\" \/>\n<meta property=\"og:url\" content=\"https:\/\/isiccolombia.com\/es\/cards\/\" \/>\n<meta property=\"og:site_name\" content=\"ISIC Country\" \/>\n<meta property=\"article:modified_time\" content=\"2023-11-16T10:10:21+00:00\" \/>\n<meta name=\"twitter:card\" content=\"summary_large_image\" \/>\n<meta name=\"twitter:label1\" content=\"Tiempo de lectura\" \/>\n\t<meta name=\"twitter:data1\" content=\"2 minutos\" \/>\n<script type=\"application\/ld+json\" class=\"yoast-schema-graph\">{\"@context\":\"https:\/\/schema.org\",\"@graph\":[{\"@type\":\"WebPage\",\"@id\":\"https:\/\/isiccolombia.com\/cards\/\",\"url\":\"https:\/\/isiccolombia.com\/cards\/\",\"name\":\"Which card is right for you? - ISIC Country\",\"isPartOf\":{\"@id\":\"https:\/\/isiccolombia.com\/#website\"},\"datePublished\":\"2022-10-18T08:01:10+00:00\",\"dateModified\":\"2023-11-16T10:10:21+00:00\",\"breadcrumb\":{\"@id\":\"https:\/\/isiccolombia.com\/cards\/#breadcrumb\"},\"inLanguage\":\"es-CO\",\"potentialAction\":[{\"@type\":\"ReadAction\",\"target\":[\"https:\/\/isiccolombia.com\/cards\/\"]}]},{\"@type\":\"BreadcrumbList\",\"@id\":\"https:\/\/isiccolombia.com\/cards\/#breadcrumb\",\"itemListElement\":[{\"@type\":\"ListItem\",\"position\":1,\"name\":\"Home\",\"item\":\"https:\/\/isiccolombia.com\/\"},{\"@type\":\"ListItem\",\"position\":2,\"name\":\"Which card is right for you?\"}]},{\"@type\":\"WebSite\",\"@id\":\"https:\/\/isiccolombia.com\/#website\",\"url\":\"https:\/\/isiccolombia.com\/\",\"name\":\"ISIC Country\",\"description\":\"International Student Identity Card\",\"publisher\":{\"@id\":\"https:\/\/isiccolombia.com\/#organization\"},\"potentialAction\":[{\"@type\":\"SearchAction\",\"target\":{\"@type\":\"EntryPoint\",\"urlTemplate\":\"https:\/\/isiccolombia.com\/?s={search_term_string}\"},\"query-input\":{\"@type\":\"PropertyValueSpecification\",\"valueRequired\":true,\"valueName\":\"search_term_string\"}}],\"inLanguage\":\"es-CO\"},{\"@type\":\"Organization\",\"@id\":\"https:\/\/isiccolombia.com\/#organization\",\"name\":\"ISIC Association\",\"url\":\"https:\/\/isiccolombia.com\/\",\"logo\":{\"@type\":\"ImageObject\",\"inLanguage\":\"es-CO\",\"@id\":\"https:\/\/isiccolombia.com\/#\/schema\/logo\/image\/\",\"url\":\"https:\/\/isiccolombia.com\/wp-content\/uploads\/2022\/10\/isic-logo.png\",\"contentUrl\":\"https:\/\/isiccolombia.com\/wp-content\/uploads\/2022\/10\/isic-logo.png\",\"width\":500,\"height\":199,\"caption\":\"ISIC Association\"},\"image\":{\"@id\":\"https:\/\/isiccolombia.com\/#\/schema\/logo\/image\/\"},\"sameAs\":[\"https:\/\/www.linkedin.com\/company\/isic---international-student-identity-card\/\"]}]}<\/script>\n<!-- \/ Yoast SEO plugin. -->","yoast_head_json":{"title":"Which card is right for you? - ISIC Country","robots":{"index":"index","follow":"follow","max-snippet":"max-snippet:-1","max-image-preview":"max-image-preview:large","max-video-preview":"max-video-preview:-1"},"canonical":"https:\/\/isiccolombia.com\/es\/cards\/","og_locale":"es_ES","og_type":"article","og_title":"Which card is right for you? - ISIC Country","og_description":"ISIC &#8211; International Student Identity Card The ISIC card is the only internationally accepted student identity card which provides student status verification, thousands of discounts worldwide and access to the global student community. If you\u2019re a full-time student at school, college or university you can apply for the ISIC student card. There is no upper&hellip;","og_url":"https:\/\/isiccolombia.com\/es\/cards\/","og_site_name":"ISIC Country","article_modified_time":"2023-11-16T10:10:21+00:00","twitter_card":"summary_large_image","twitter_misc":{"Tiempo de lectura":"2 minutos"},"schema":{"@context":"https:\/\/schema.org","@graph":[{"@type":"WebPage","@id":"https:\/\/isiccolombia.com\/cards\/","url":"https:\/\/isiccolombia.com\/cards\/","name":"Which card is right for you? - ISIC Country","isPartOf":{"@id":"https:\/\/isiccolombia.com\/#website"},"datePublished":"2022-10-18T08:01:10+00:00","dateModified":"2023-11-16T10:10:21+00:00","breadcrumb":{"@id":"https:\/\/isiccolombia.com\/cards\/#breadcrumb"},"inLanguage":"es-CO","potentialAction":[{"@type":"ReadAction","target":["https:\/\/isiccolombia.com\/cards\/"]}]},{"@type":"BreadcrumbList","@id":"https:\/\/isiccolombia.com\/cards\/#breadcrumb","itemListElement":[{"@type":"ListItem","position":1,"name":"Home","item":"https:\/\/isiccolombia.com\/"},{"@type":"ListItem","position":2,"name":"Which card is right for you?"}]},{"@type":"WebSite","@id":"https:\/\/isiccolombia.com\/#website","url":"https:\/\/isiccolombia.com\/","name":"Pa\u00eds CIIU","description":"Tarjeta de identidad de estudiante internacional","publisher":{"@id":"https:\/\/isiccolombia.com\/#organization"},"potentialAction":[{"@type":"SearchAction","target":{"@type":"EntryPoint","urlTemplate":"https:\/\/isiccolombia.com\/?s={search_term_string}"},"query-input":{"@type":"PropertyValueSpecification","valueRequired":true,"valueName":"search_term_string"}}],"inLanguage":"es-CO"},{"@type":"Organization","@id":"https:\/\/isiccolombia.com\/#organization","name":"Asociaci\u00f3n ISIC","url":"https:\/\/isiccolombia.com\/","logo":{"@type":"ImageObject","inLanguage":"es-CO","@id":"https:\/\/isiccolombia.com\/#\/schema\/logo\/image\/","url":"https:\/\/isiccolombia.com\/wp-content\/uploads\/2022\/10\/isic-logo.png","contentUrl":"https:\/\/isiccolombia.com\/wp-content\/uploads\/2022\/10\/isic-logo.png","width":500,"height":199,"caption":"ISIC Association"},"image":{"@id":"https:\/\/isiccolombia.com\/#\/schema\/logo\/image\/"},"sameAs":["https:\/\/www.linkedin.com\/company\/isic---international-student-identity-card\/"]}]}},"_links":{"self":[{"href":"https:\/\/isiccolombia.com\/es\/wp-json\/wp\/v2\/pages\/11179","targetHints":{"allow":["GET"]}}],"collection":[{"href":"https:\/\/isiccolombia.com\/es\/wp-json\/wp\/v2\/pages"}],"about":[{"href":"https:\/\/isiccolombia.com\/es\/wp-json\/wp\/v2\/types\/page"}],"author":[{"embeddable":true,"href":"https:\/\/isiccolombia.com\/es\/wp-json\/wp\/v2\/users\/1"}],"replies":[{"embeddable":true,"href":"https:\/\/isiccolombia.com\/es\/wp-json\/wp\/v2\/comments?post=11179"}],"version-history":[{"count":0,"href":"https:\/\/isiccolombia.com\/es\/wp-json\/wp\/v2\/pages\/11179\/revisions"}],"wp:attachment":[{"href":"https:\/\/isiccolombia.com\/es\/wp-json\/wp\/v2\/media?parent=11179"}],"curies":[{"name":"wp","href":"https:\/\/api.w.org\/{rel}","templated":true}]}}